{"id":434,"date":"2016-06-14T15:37:02","date_gmt":"2016-06-14T13:37:02","guid":{"rendered":"https:\/\/www.klinik-am-zuckerberg.de\/?page_id=434"},"modified":"2016-06-14T15:37:02","modified_gmt":"2016-06-14T13:37:02","slug":"anreise","status":"publish","type":"page","link":"http:\/\/www.21cug.de\/kaz\/startseite\/anreise\/","title":{"rendered":"Anreise"},"content":{"rendered":"<h2>Anreise<\/h2>\n<p>Klinik am Zuckerberg GmbH<br \/>\nZuckerbergweg 2<br \/>\n38124 Braunschweig<\/p>\n<p><strong>Von der Autobahn:<\/strong><br \/>\nVon Hannover\/Berlin (BAB 2): Abfahrt Autobahn-Kreuz Braunschweig-Nord auf die Autobahn 391 (Stadtautobahn),<br \/>\ndann Autobahn-Dreieck S\u00fcdwest bis Autobahn-Kreuz Braunschweig-S\u00fcd, Abfahrt Braunschweig-Zentrum benutzen,<br \/>\nnach ca. 300 m erreichen Sie die Klinik.<\/p>\n<p>Von Kassel\/G\u00f6ttingen\/Salzgitter (BAB 39): Abfahrt Autobahn-Dreieck S\u00fcdwest bis Autobahn-Kreuz Braunschweig-S\u00fcd, Abfahrt Braunschweig-Zentrum benutzen, nach ca. 300 m erreichen Sie die Klinik.<\/p>\n<p><strong>Mit den \u00f6ffentlichen Verkehrsmitteln:<\/strong><br \/>\nDie Klink am Zuckerberg erreichen Sie \u00fcber die Haltestelle &#8222;Richmondweg&#8220; mit den Stra\u00dfenbahnlinien M1, M2 und der Omnibuslinie 420. Von der Haltestelle &#8222;Richmondweg&#8220; sind es noch 3 Minuten Fu\u00dfweg bis zur Klinik,\u00a0direkt vom Hauptbahnhof.<br \/>\n<strong><br \/>\nVom Flughafen Hannover werden Sie von uns abgeholt\u00a0(Limousinen-Service).<\/strong><\/p>\n","protected":false},"excerpt":{"rendered":"<p>Anreise Klinik am Zuckerberg GmbH Zuckerbergweg 2 38124 Braunschweig Von der Autobahn: Von Hannover\/Berlin (BAB 2): Abfahrt Autobahn-Kreuz Braunschweig-Nord auf<\/p>\n","protected":false},"author":3,"featured_media":1134,"parent":1701,"menu_order":90,"comment_status":"closed","ping_status":"closed","template":"","meta":[],"_links":{"self":[{"href":"http:\/\/www.21cug.de\/kaz\/wp-json\/wp\/v2\/pages\/434"}],"collection":[{"href":"http:\/\/www.21cug.de\/kaz\/wp-json\/wp\/v2\/pages"}],"about":[{"href":"http:\/\/www.21cug.de\/kaz\/wp-json\/wp\/v2\/types\/page"}],"author":[{"embeddable":true,"href":"http:\/\/www.21cug.de\/kaz\/wp-json\/wp\/v2\/users\/3"}],"replies":[{"embeddable":true,"href":"http:\/\/www.21cug.de\/kaz\/wp-json\/wp\/v2\/comments?post=434"}],"version-history":[{"count":0,"href":"http:\/\/www.21cug.de\/kaz\/wp-json\/wp\/v2\/pages\/434\/revisions"}],"up":[{"embeddable":true,"href":"http:\/\/www.21cug.de\/kaz\/wp-json\/wp\/v2\/pages\/1701"}],"wp:featuredmedia":[{"embeddable":true,"href":"http:\/\/www.21cug.de\/kaz\/wp-json\/wp\/v2\/media\/1134"}],"wp:attachment":[{"href":"http:\/\/www.21cug.de\/kaz\/wp-json\/wp\/v2\/media?parent=434"}],"curies":[{"name":"wp","href":"https:\/\/api.w.org\/{rel}","templated":true}]}}