{"id":423,"date":"2016-06-14T15:35:30","date_gmt":"2016-06-14T13:35:30","guid":{"rendered":"https:\/\/www.klinik-am-zuckerberg.de\/?page_id=423"},"modified":"2016-06-14T15:35:30","modified_gmt":"2016-06-14T13:35:30","slug":"profil","status":"publish","type":"page","link":"http:\/\/www.21cug.de\/kaz\/startseite\/profil\/","title":{"rendered":"Ausstattung der Klinik"},"content":{"rendered":"<p><strong>Zimmerausstattung:<\/strong><br \/>\nDie Klinik verf\u00fcgt \u00fcber stilvoll und komfortabel ausgestattete Ein-, Zwei- und Drei-Bett-Zimmer in besonders ruhiger Lage. In einer park\u00e4hnlichen Anlage, mit einem freundlichen Ambiente, TV, Telefon und Internetanschluss.<br \/>\nWahlleistung: Ein- oder Zwei-Bettzimmer<\/p>\n<p><strong>Sanit\u00e4rausstattung:<\/strong><br \/>\nkomfortable Dusche und WC<br \/>\nHandt\u00fccher, Badem\u00e4ntel und Seife werden kostenlos zur Verf\u00fcgung gestellt.<\/p>\n<p><strong>Medizinische Einrichtung:<\/strong><br \/>\nDie Klinik verf\u00fcgt \u00fcber OP- und Behandlungsr\u00e4ume und eine Intensiv\u00fcberwachungseinheit, die nach dem neusten Stand der Technik ausgestattet sind.<\/p>\n<p><strong>Gastronomie und Restaurant:<\/strong><br \/>\nDie Klinik verf\u00fcgt \u00fcber ein eigenes Restaurant in stilvollen R\u00e4umen. Das Restaurant bietet seinen G\u00e4sten Speisen \u201e\u00e1 la Carte\u201c und eine ausgewogene Di\u00e4tk\u00fcche, im Sommer mit Au\u00dfenbestuhlung auf der Terrasse und im Park.<br \/>\n<strong><br \/>\nParken:<\/strong><br \/>\nDie Klinik verf\u00fcgt \u00fcber kostenfreie Parkpl\u00e4tze auf dem Klinikgel\u00e4nde.<\/p>\n<p><strong>Anlage:<\/strong><br \/>\nDie Klinik verf\u00fcgt \u00fcber eine gro\u00dfz\u00fcgige, herrliche park\u00e4hnliche Anlage mit altem Baumbestand und einem klinikeigenen Golf-Putting-Green.<\/p>\n<p>&nbsp;<\/p>\n","protected":false},"excerpt":{"rendered":"<p>Zimmerausstattung: Die Klinik verf\u00fcgt \u00fcber stilvoll und komfortabel ausgestattete Ein-, Zwei- und Drei-Bett-Zimmer in besonders ruhiger Lage. In einer park\u00e4hnlichen<\/p>\n","protected":false},"author":3,"featured_media":0,"parent":1701,"menu_order":10,"comment_status":"closed","ping_status":"closed","template":"","meta":[],"_links":{"self":[{"href":"http:\/\/www.21cug.de\/kaz\/wp-json\/wp\/v2\/pages\/423"}],"collection":[{"href":"http:\/\/www.21cug.de\/kaz\/wp-json\/wp\/v2\/pages"}],"about":[{"href":"http:\/\/www.21cug.de\/kaz\/wp-json\/wp\/v2\/types\/page"}],"author":[{"embeddable":true,"href":"http:\/\/www.21cug.de\/kaz\/wp-json\/wp\/v2\/users\/3"}],"replies":[{"embeddable":true,"href":"http:\/\/www.21cug.de\/kaz\/wp-json\/wp\/v2\/comments?post=423"}],"version-history":[{"count":0,"href":"http:\/\/www.21cug.de\/kaz\/wp-json\/wp\/v2\/pages\/423\/revisions"}],"up":[{"embeddable":true,"href":"http:\/\/www.21cug.de\/kaz\/wp-json\/wp\/v2\/pages\/1701"}],"wp:attachment":[{"href":"http:\/\/www.21cug.de\/kaz\/wp-json\/wp\/v2\/media?parent=423"}],"curies":[{"name":"wp","href":"https:\/\/api.w.org\/{rel}","templated":true}]}}