{"id":418,"date":"2016-06-14T15:32:35","date_gmt":"2016-06-14T13:32:35","guid":{"rendered":"https:\/\/www.klinik-am-zuckerberg.de\/?page_id=418"},"modified":"2016-06-14T15:32:35","modified_gmt":"2016-06-14T13:32:35","slug":"innere-medizin-allgemeinmedizin","status":"publish","type":"page","link":"http:\/\/www.21cug.de\/kaz\/fachgebiete\/innere-medizin-allgemeinmedizin\/","title":{"rendered":"Innere Medizin\/Allgemeinmedizin"},"content":{"rendered":"<h3>Innere Medizin\/Allgemeinmedizin<\/h3>\n<p>Die Diagnostik- und Behandlungsschwerpunkte liegen in den Bereichen Angiologie, Endokrinologie und Diabetologie, Gastroentorologie, H\u00e4matologie und internistische Onkologie, Kardiologie, Nephrologie, Pneumologie und Rheumatologie.<\/p>\n<p>In der Allgemeinmedizin bieten wir Ihnen allgemeinmedizinische, haus\u00e4rztliche und naturheilkundliche Leistungen an. Wir m\u00f6chten Ihnen sowohl bei der Behandlung als auch bei der Vorbeugung von Erkrankungen dauerhaft helfen. Wir nutzen die fundierten und umfassenden Diagnostik- und Therapiem\u00f6glichkeiten der klassischen Allgemeinmedizin. Erg\u00e4nzend und begleitend bieten wir Ihnen ganzheitliche Therapien aus verschiedenen Bereichen der Naturheilkunde an. Dabei ist es unser Ziel, aus den unterschiedlichen Behandlungsmethoden ein auf Sie pers\u00f6nlich abgestimmtes Therapiekonzept zu entwickeln.<\/p>\n<p><strong>T\u00e4tigkeitsschwerpunkte<\/strong><\/p>\n<ul>\n<li>Klassische Allgemeinmedizin<\/li>\n<li>Naturheilverfahren<\/li>\n<li>Integrative Schmerztherapie bei Erkrankungen des Bewegungsapparates<\/li>\n<li>Behandlungen von Stresserkrankungen, Burn-out, Depression und \u00c4ngsten<\/li>\n<li>Allergien, Magen-Darm-Erkrankungen<\/li>\n<li>Ver\u00f6dung von Besenrei\u00dfern<\/li>\n<\/ul>\n<p><strong>Leistungsspektrum:<\/strong><\/p>\n<ul>\n<li>Haus\u00e4rztliche Versorgung f\u00fcr die ganze Familie, Hausbesuche<\/li>\n<li>Impfsprechstunde<\/li>\n<li>Gesundheitsvorsorgeuntersuchungen, Hautkrebs-Screening<\/li>\n<li>DMP Diabetes, KHK, COPD und Asthma<\/li>\n<li>Ern\u00e4hrungsberatung, Mikron\u00e4hrstofftherapie<\/li>\n<li>Psychosomatische Grundversorgung<\/li>\n<li>Ver\u00f6dungsbehandlung von Besenrei\u00dfern<\/li>\n<li>Medizinische Lasertherapie<\/li>\n<li>Naturheilkundliche Therapien wie Mikrobiologische Therapie, Eigenblut, Neuraltherapie, Hom\u00f6opathie, Phytotherapie, Physiokey und Medi-Taping<\/li>\n<li>Prozess- und Embodimentfokussierte Psychologie (PEP nach Dr. Bohne)<\/li>\n<li>Analyse des vegetativen Nervensystems (\u00dcberpr\u00fcfung der Herzratenvariabilit\u00e4t)<\/li>\n<\/ul>\n","protected":false},"excerpt":{"rendered":"<p>Die Diagnostik- und Behandlungsschwerpunkte liegen in den Bereichen Angiologie, Endokrinologie und Diabetologie, Gastroentorologie, H\u00e4matologie und internistische Onkologie, Kardiologie, Nephrologie, Pneumologie und Rheumatologie.<\/p>\n","protected":false},"author":3,"featured_media":991,"parent":7,"menu_order":38,"comment_status":"closed","ping_status":"closed","template":"","meta":[],"_links":{"self":[{"href":"http:\/\/www.21cug.de\/kaz\/wp-json\/wp\/v2\/pages\/418"}],"collection":[{"href":"http:\/\/www.21cug.de\/kaz\/wp-json\/wp\/v2\/pages"}],"about":[{"href":"http:\/\/www.21cug.de\/kaz\/wp-json\/wp\/v2\/types\/page"}],"author":[{"embeddable":true,"href":"http:\/\/www.21cug.de\/kaz\/wp-json\/wp\/v2\/users\/3"}],"replies":[{"embeddable":true,"href":"http:\/\/www.21cug.de\/kaz\/wp-json\/wp\/v2\/comments?post=418"}],"version-history":[{"count":0,"href":"http:\/\/www.21cug.de\/kaz\/wp-json\/wp\/v2\/pages\/418\/revisions"}],"up":[{"embeddable":true,"href":"http:\/\/www.21cug.de\/kaz\/wp-json\/wp\/v2\/pages\/7"}],"wp:featuredmedia":[{"embeddable":true,"href":"http:\/\/www.21cug.de\/kaz\/wp-json\/wp\/v2\/media\/991"}],"wp:attachment":[{"href":"http:\/\/www.21cug.de\/kaz\/wp-json\/wp\/v2\/media?parent=418"}],"curies":[{"name":"wp","href":"https:\/\/api.w.org\/{rel}","templated":true}]}}