{"id":410,"date":"2016-06-14T15:27:58","date_gmt":"2016-06-14T13:27:58","guid":{"rendered":"https:\/\/www.klinik-am-zuckerberg.de\/?page_id=410"},"modified":"2016-06-14T15:27:58","modified_gmt":"2016-06-14T13:27:58","slug":"hno","status":"publish","type":"page","link":"http:\/\/www.21cug.de\/kaz\/fachgebiete\/hno\/","title":{"rendered":"HNO"},"content":{"rendered":"<h3>Beste Diagnose und Therapie<\/h3>\n<p>Unsere erfahrenen und hochqualifizierten HNO-Fach\u00e4rzte bieten das komplette Spektrum an Diagnostik und Behandlungsmethoden im Hals-Nasen-Ohren-Bereich an.<br \/>\nDazu geh\u00f6ren unter anderem Diagnose und Therapie bei\u00a0Allergien, Erkrankungen der Nasennebenh\u00f6hlen, H\u00f6rst\u00f6rungen, Schwindel und Tinnitus.<\/p>\n<p><strong>T\u00e4tigkeitsschwerpunkte<\/strong><\/p>\n<ul>\n<li>Rhinologie und Rhinochirurgie<\/li>\n<li>funktionell und plastisch-\u00e4sthetisch<\/li>\n<li>Chirurgie der Nasennebenh\u00f6hlen<\/li>\n<li>plastische Ohrmuschelchirurgie<\/li>\n<li>Weichteilchirurgie im Gesichts- und Halsbereich<\/li>\n<li>Allergiediagnostik und -therapie<\/li>\n<li>Tinnitustherapie<\/li>\n<li>alternative Heilverfahren<\/li>\n<li>\u00e4sthetische Medizin<\/li>\n<li>Zweitmeinungsverfahren und Begutachtung<\/li>\n<li>Lasertherapie<\/li>\n<li>Anti-Schnarch-Verfahren und Schlafmedizin<\/li>\n<li>Stimmlippenchirurgie<\/li>\n<\/ul>\n<hr \/>\n<h3>HNO \u201eHals-, Nasen- und Ohren-Erkrankungen&#8220;<\/h3>\n<p><strong>Das Spektrum des Zentrums umfasst folgende Eingriffe:<\/strong><\/p>\n<ul>\n<li>Entfernung der Gaumenmandeln (Tonsillektomie)<\/li>\n<li>Verkleinerung der Nasenmuscheln (klassische Conchotomien)<\/li>\n<li>Nasenscheidewandoperationen (Septumplastiken)<\/li>\n<li>Entfernung der Unterkieferspeicheldr\u00fcse (Submandibulektomien)<\/li>\n<li>Entfernung von Halszysten (Extirpation medianer und lateraler Halszysten)<\/li>\n<li>Nasennebenh\u00f6hlenoperationen (Infundibulotomien)<\/li>\n<li>Korrektur abstehender Ohren (Ohrmuschelplastiken)<\/li>\n<li>Kehlkopfspiegelungen (Mikrolaryngoskopien)<\/li>\n<li>Speiser\u00f6hrenspiegelungen (starre \u00d6sophaguskopien)<\/li>\n<li>Spiegelung des Schlundes (Hypopharyngoskopien)<\/li>\n<li>Spiegelung des Nasenrachens (Epipharyngoskopie)<\/li>\n<li>Er\u00f6ffnung von Eiterh\u00f6hlen (Abszessspaltung)<\/li>\n<\/ul>\n","protected":false},"excerpt":{"rendered":"<p>Unsere erfahrenen und hochqualifizierten HNO-Fach\u00e4rzte bieten das komplette Spektrum an Diagnostik und Behandlungsmethoden im Hals-Nasen-Ohren-Bereich an. Dazu geh\u00f6ren unter anderem Diagnose und Therapie bei Allergien, Erkrankungen der Nasennebenh\u00f6hlen, H\u00f6rst\u00f6rungen, Schwindel und Tinnitus.<\/p>\n","protected":false},"author":3,"featured_media":1036,"parent":7,"menu_order":40,"comment_status":"closed","ping_status":"closed","template":"","meta":[],"_links":{"self":[{"href":"http:\/\/www.21cug.de\/kaz\/wp-json\/wp\/v2\/pages\/410"}],"collection":[{"href":"http:\/\/www.21cug.de\/kaz\/wp-json\/wp\/v2\/pages"}],"about":[{"href":"http:\/\/www.21cug.de\/kaz\/wp-json\/wp\/v2\/types\/page"}],"author":[{"embeddable":true,"href":"http:\/\/www.21cug.de\/kaz\/wp-json\/wp\/v2\/users\/3"}],"replies":[{"embeddable":true,"href":"http:\/\/www.21cug.de\/kaz\/wp-json\/wp\/v2\/comments?post=410"}],"version-history":[{"count":0,"href":"http:\/\/www.21cug.de\/kaz\/wp-json\/wp\/v2\/pages\/410\/revisions"}],"up":[{"embeddable":true,"href":"http:\/\/www.21cug.de\/kaz\/wp-json\/wp\/v2\/pages\/7"}],"wp:featuredmedia":[{"embeddable":true,"href":"http:\/\/www.21cug.de\/kaz\/wp-json\/wp\/v2\/media\/1036"}],"wp:attachment":[{"href":"http:\/\/www.21cug.de\/kaz\/wp-json\/wp\/v2\/media?parent=410"}],"curies":[{"name":"wp","href":"https:\/\/api.w.org\/{rel}","templated":true}]}}