{"id":1562,"date":"2020-03-23T10:36:42","date_gmt":"2020-03-23T09:36:42","guid":{"rendered":"https:\/\/www.klinik-am-zuckerberg.de\/?page_id=1562"},"modified":"2020-03-23T10:36:42","modified_gmt":"2020-03-23T09:36:42","slug":"veranstaltungen","status":"publish","type":"page","link":"http:\/\/www.21cug.de\/kaz\/veranstaltungen\/","title":{"rendered":"Veranstaltungen"},"content":{"rendered":"<h2>Veranstaltungshinweise:<\/h2>\n<p>Am<\/p>\n<ul>\n<li>20.04.2020<\/li>\n<li>11.05.2020<\/li>\n<li>15.06.2020<\/li>\n<li>10.08.2020<\/li>\n<li>14.09.2020<\/li>\n<li>26.10.2020<\/li>\n<li>16.11.2020<\/li>\n<li>14.12.2020<\/li>\n<\/ul>\n<p>jeweils um 19 Uhr\u00a0erl\u00e4utert Dr. Paul von den Driesch (Chefarzt der Klinik am Zuckerberg) der Klinik am Zuckerberg, Zuckerbergweg 2, Braunschweig neueste diagnostische Methoden und schmerzfreie patientenschonende Laserverfahren zur Behandlung von Venenerkrankungen.<\/p>\n<p>Wir freuen uns auf Ihren Besuch!<\/p>\n<p>&nbsp;<\/p>\n<p>&nbsp;<\/p>\n<p>&nbsp;<\/p>\n<p>&nbsp;<\/p>\n<p>a\u00f6sldfkjsasd\u00f6lfkj\u00f6<\/p>\n<h2>dasfdfd<\/h2>\n<p>&nbsp;<\/p>\n<p>&nbsp;<\/p>\n<p>Sadjkjhsfakl<\/p>\n<p>Kasdjfh lsajk<\/p>\n<p><strong>Asdfsa<\/strong><\/p>\n<p>&nbsp;<\/p>\n<ul>\n<li>Sadjkjhsfakl<\/li>\n<li>Kasdjfh lsajk<\/li>\n<li><strong>Asdfsa<\/strong><\/li>\n<\/ul>\n","protected":false},"excerpt":{"rendered":"<p>Veranstaltungshinweise: Am 20.04.2020 11.05.2020 15.06.2020 10.08.2020 14.09.2020 26.10.2020 16.11.2020 14.12.2020 jeweils um 19 Uhr\u00a0erl\u00e4utert Dr. Paul von den Driesch (Chefarzt<\/p>\n","protected":false},"author":3,"featured_media":0,"parent":0,"menu_order":0,"comment_status":"closed","ping_status":"closed","template":"","meta":[],"_links":{"self":[{"href":"http:\/\/www.21cug.de\/kaz\/wp-json\/wp\/v2\/pages\/1562"}],"collection":[{"href":"http:\/\/www.21cug.de\/kaz\/wp-json\/wp\/v2\/pages"}],"about":[{"href":"http:\/\/www.21cug.de\/kaz\/wp-json\/wp\/v2\/types\/page"}],"author":[{"embeddable":true,"href":"http:\/\/www.21cug.de\/kaz\/wp-json\/wp\/v2\/users\/3"}],"replies":[{"embeddable":true,"href":"http:\/\/www.21cug.de\/kaz\/wp-json\/wp\/v2\/comments?post=1562"}],"version-history":[{"count":0,"href":"http:\/\/www.21cug.de\/kaz\/wp-json\/wp\/v2\/pages\/1562\/revisions"}],"wp:attachment":[{"href":"http:\/\/www.21cug.de\/kaz\/wp-json\/wp\/v2\/media?parent=1562"}],"curies":[{"name":"wp","href":"https:\/\/api.w.org\/{rel}","templated":true}]}}