{"id":155,"date":"2016-05-31T16:55:43","date_gmt":"2016-05-31T14:55:43","guid":{"rendered":"https:\/\/www.klinik-am-zuckerberg.de\/?page_id=155"},"modified":"2016-05-31T16:55:43","modified_gmt":"2016-05-31T14:55:43","slug":"plastisch-aesthetische-chirurgie","status":"publish","type":"page","link":"http:\/\/www.21cug.de\/kaz\/fachgebiete\/plastisch-aesthetische-chirurgie\/","title":{"rendered":"Plastisch-\u00e4sthetische Chirurgie"},"content":{"rendered":"<h3>Plastisch-\u00e4sthetische Chirurgie<\/h3>\n<p>Unser Kompetenzzentrum bietet seit 25 Jahren plastisch-\u00e4sthetische Operationen auf h\u00f6chstem medizinischen Niveau an. Konsequenter Erfahrungsaustausch, z.B. mit brasilianischen und amerikanischen Sch\u00f6nheitschirurgen, erm\u00f6glicht die Sicherstellung qualitativ h\u00f6chster Standards im Interesse eines bestm\u00f6glichen Ergebnisses f\u00fcr unsere Patienten. H\u00e4ufig f\u00fchren wir Korrekturen von nicht optimal verlaufenen Operationen anderer Einrichtungen durch.<\/p>\n<p>Wir organisieren Schulungen, Fort- und Weiterbildungsveranstaltungen f\u00fcr andere \u00c4rzte.<\/p>\n<hr \/>\n<h3>Plastisch-\u00e4sthetische Chirurgie<\/h3>\n<p>Liebe Patientinnen und Patienten,<\/p>\n<p>unser Kompetenzteam der Fach\u00e4rzte freut sich, Sie beraten und ambulant oder station\u00e4r bestens ihren Anspr\u00fcchen entsprechend, versorgen zu d\u00fcrfen. Beginnend mit der Begr\u00fc\u00dfung bis zu Ihrer Entlassung werden Sie von uns pers\u00f6nlich und individuell betreut.<\/p>\n<p>Unsere langj\u00e4hrig ausgebildeten und fachlich spezialisierten \u00c4sthetisch-plastischen Chirurgen beraten und behandeln Sie mit aller Sorgfalt zur Formung oder Ver\u00e4nderung Ihrer individuellen und nat\u00fcrlichen K\u00f6rpersilhouette und Ihres Profils.<\/p>\n<p>Regelm\u00e4\u00dfige Fortbildungen des medizinischen Klinikteams gew\u00e4hrleisten den hohen und aktuellen medizinischen Standard der Klinik. Modernste Technik zeichnet unsere Operations- und \u00dcberwachungsr\u00e4ume und unsere Intensiv\u00fcberwachungseinheit aus.<\/p>\n<p><strong>Ein H\u00f6chstma\u00df an Sicherheit f\u00fcr Ihre Gesundheit!<\/strong><\/p>\n<p><strong>Brustvergr\u00f6\u00dferung, Brustverkleinerung, Bruststraffung<\/strong><br \/>\nDurch Einsatz von Brustimplantaten k\u00f6nnen bei kleinen oder auch bei erschlafften Br\u00fcsten hervorragende Ergebnisse durch modernste, narbenreduzierende Operationstechniken erzielt werden.<\/p>\n<p><strong>Fettabsaugung<\/strong><br \/>\nGezielte K\u00f6rperkonturierung durch Absaugung \u00fcbersch\u00fcssiger Fettzellen mittels sanften Bewegens entsprechender Kan\u00fclen. Nachhaltige Verbesserung und Modellierung der K\u00f6rperkontur. Korrekturen der m\u00e4nnlichen Brust. Fettpolster im Bereich der m\u00e4nnlichen Brust sind gut und dauerhaft durch Fettabsaugung durch Operation zu korrigieren.<\/p>\n<p><strong>Schwei\u00dfdr\u00fcsenabsaugung<\/strong><br \/>\nDer Eingriff h\u00e4lt lebenslang. Die Schwei\u00dfproduktion in der behandelten Region verringert sich um etwa 60 bis 80 Prozent.<\/p>\n<p><strong>Faltenbehandlung, Gesichtsstraffung<\/strong><br \/>\nVerschiedene wirksame Behandlungsm\u00f6glichkeiten ohne Skalpell: Peelingbehandlungen, Botulinumtoxin, Hyaluron, Kollagen und Eigenfett. Hautstraffung bzw. Faltenbehandlung durch Skin-Resurfacing mittels CO2-Laser.<\/p>\n<p><strong>Augenlidstraffung<\/strong><br \/>\nDie Augenlidstraffung der Ober- und Unterlider f\u00fchrt zur Beseitigung der verursachenden Fettdepots und der erschlafften, faltigen Haut. (Schlupflider und Tr\u00e4nens\u00e4cke)<\/p>\n<p><strong>Lippenkorrekturen<\/strong><br \/>\nBiologische Substanzen, sogenannte \u201eFiller\u201d, werden direkt in die Lippen injiziert und geben f\u00fcr mehrere Monate das gew\u00fcnschte Volumen.<\/p>\n<p><strong>Nasenkorrekturen<\/strong><br \/>\n\u201eGeschlossene\u201d und \u201eoffene\u201d Operationen sind m\u00f6glich. Bei einer \u201eoffenen\u201d Operation mit feinem Schnitt \u00fcber dem Nasensteg ist bei entsprechender Nahttechnik die \u00e4u\u00dfere Narbe nicht mehr sichtbar.<\/p>\n<p><strong>Kinnkorrekturen<\/strong><br \/>\nVerkleinerung durch operative Entfernung von Knochenanteilen, Vergr\u00f6\u00dferung durch Einsetzen von Implantaten. Ein Doppelkinn kann ggfs. durch Fettabsaugung vollst\u00e4ndig verschwinden.<\/p>\n<p><strong>Ohrmuschelkorrekturen<\/strong><br \/>\nDie Wahl des Operationsverfahrens h\u00e4ngt von dem individuellen Formfehler der Ohren ab. Ziel des Eingriffs: Umformung des Knorpelger\u00fcstes und symmetrische Stellungskorrektur.<\/p>\n<p><strong>Bauchdeckenstraffung\/Bauchdeckenplastik<\/strong><br \/>\nEine wirkungsvolle operative Methode, die eine erschlaffte Bauchhaut wieder ansehnlich und straff werden l\u00e4sst.<\/p>\n<p><strong>Oberarm- und Oberschenkelstraffung<\/strong><br \/>\nFettfehlverteilungen sind oft gut und dauerhaft durch eine Fettabsaugung zu korrigieren. Bei weitem \u00dcberhang der Hautfettbezirke kann nur durch eine Straffungsoperation der gew\u00fcnschte kosmetische Erfolg erzielt werden.<\/p>\n<p><strong>Narbenkorrekturen<\/strong><br \/>\nBesonders die sogenannten \u201eIce-pick-scars\u201d lassen sich durch die Dermabrasion, das mechanische Abschleifen mit einem Diamantschleifer, versch\u00f6nern. Bei schl\u00fcsself\u00f6rmigen eingesunkenen Narben hat sich die Unterspritzung mit F\u00fcllsubstanzen wie Kollagen, Hyalurons\u00e4ure oder Eigenfett bew\u00e4hrt.<\/p>\n","protected":false},"excerpt":{"rendered":"<p>Unsere langj\u00e4hrig erfahrenen und fachlich spezialisierten Plastisch-\u00e4sthetischen Chirurgen f\u00fchren unter anderem Fettabsaugungen, Brustvergr\u00f6\u00dferungen und -verkleinerungen, Gesichtsstraffungen, Faltenbehandlungen sowie Nasen- und Kinnkorrekturen durch.<\/p>\n","protected":false},"author":3,"featured_media":1070,"parent":7,"menu_order":70,"comment_status":"closed","ping_status":"closed","template":"","meta":[],"_links":{"self":[{"href":"http:\/\/www.21cug.de\/kaz\/wp-json\/wp\/v2\/pages\/155"}],"collection":[{"href":"http:\/\/www.21cug.de\/kaz\/wp-json\/wp\/v2\/pages"}],"about":[{"href":"http:\/\/www.21cug.de\/kaz\/wp-json\/wp\/v2\/types\/page"}],"author":[{"embeddable":true,"href":"http:\/\/www.21cug.de\/kaz\/wp-json\/wp\/v2\/users\/3"}],"replies":[{"embeddable":true,"href":"http:\/\/www.21cug.de\/kaz\/wp-json\/wp\/v2\/comments?post=155"}],"version-history":[{"count":0,"href":"http:\/\/www.21cug.de\/kaz\/wp-json\/wp\/v2\/pages\/155\/revisions"}],"up":[{"embeddable":true,"href":"http:\/\/www.21cug.de\/kaz\/wp-json\/wp\/v2\/pages\/7"}],"wp:featuredmedia":[{"embeddable":true,"href":"http:\/\/www.21cug.de\/kaz\/wp-json\/wp\/v2\/media\/1070"}],"wp:attachment":[{"href":"http:\/\/www.21cug.de\/kaz\/wp-json\/wp\/v2\/media?parent=155"}],"curies":[{"name":"wp","href":"https:\/\/api.w.org\/{rel}","templated":true}]}}