{"id":153,"date":"2016-05-31T16:55:02","date_gmt":"2016-05-31T14:55:02","guid":{"rendered":"https:\/\/www.klinik-am-zuckerberg.de\/?page_id=153"},"modified":"2016-05-31T16:55:02","modified_gmt":"2016-05-31T14:55:02","slug":"lasertherapie","status":"publish","type":"page","link":"http:\/\/www.21cug.de\/kaz\/fachgebiete\/lasertherapie\/","title":{"rendered":"Laserzentrum"},"content":{"rendered":"<h3>Unsere Leistungen<\/h3>\n<h3>Lasertherapie<\/h3>\n<ul>\n<li>Haarentfernung<\/li>\n<li>Besenreiser<\/li>\n<li>Behandlung von Couperose und Rosacea<\/li>\n<li>Feuermal- und Blutschwammentfernung<\/li>\n<li>Tattooentfernung<\/li>\n<li>Narben- und Aknenarbenbehandlung<\/li>\n<li>Striae\/Dehnungsstreifen<\/li>\n<li>Altersflecken \/ Pigmentflecken<\/li>\n<li>Alterswarzen\/Viruswarzen<\/li>\n<\/ul>\n<h3>Faltenbehandlung<\/h3>\n<ul>\n<li>mit Hyalurons\u00e4ure \/ Filler<\/li>\n<li>mit Botulinumtoxin \/ Botox<\/li>\n<li>mit Laser (Fraxel)<\/li>\n<\/ul>\n<h3>Sklerotherapie \/ Ver\u00f6dung von Besenreiser<\/h3>\n<h3>Photodynamische Therapie<\/h3>\n<h3>Dermatologische Lasertherapie<\/h3>\n<p><strong>Rosazea\/Couperose<\/strong><br \/>\nDas Hautbild von Rosazea hat viele Gesichter und reicht von leichten R\u00f6tungen bis zur schweren Akne. Rote erweiterte \u00c4derchen im Gesicht k\u00f6nnen ein kosmetisch belastendes Problem werden.<\/p>\n<p>Zur Behandlung hat sich KTP Laser f\u00fcr gr\u00f6\u00dfere \u00c4derchen sowie Farbstofflaser und IPL-Systemen\u00a0f\u00fcr eine fl\u00e4chige Behandlung von diffusen R\u00f6tungen im Gesicht bew\u00e4hrt. Damit k\u00f6nnen die Gef\u00e4\u00dfe im Gesicht sicher und wirkungsvoll behandelt werden.<\/p>\n<p><strong><img decoding=\"async\" loading=\"lazy\" class=\"alignright size-full wp-image-908\" src=\"http:\/\/www.21cug.de\/kaz\/wp-content\/uploads\/sites\/4\/2016\/05\/feuermal.jpg\" alt=\"feuermal\" width=\"481\" height=\"226\" srcset=\"http:\/\/www.21cug.de\/kaz\/wp-content\/uploads\/sites\/4\/2016\/05\/feuermal.jpg 481w, http:\/\/www.21cug.de\/kaz\/wp-content\/uploads\/sites\/4\/2016\/05\/feuermal-300x141.jpg 300w\" sizes=\"(max-width: 481px) 100vw, 481px\" \/>Feuermale\/N\u00e4vus flammeus<\/strong><br \/>\nFeuermale sind angeborene Fehlbildungen der Blutgef\u00e4\u00dfe und erscheinen als rote Flecken auf der Haut.<br \/>\nDer Goldstandard bei der Behandlung von Feuermalen ist die Therapie mittels gepulstem Farbstofflaser. Der Aufhellungsprozess ben\u00f6tigt immer mehrere Sitzungen. Die meisten Behandlungen k\u00f6nnen ohne Bet\u00e4ubung durchgef\u00fchrt werden. Bei gr\u00f6\u00dferen Fl\u00e4chen und f\u00fcr die Behandlung bei Kindern ist manchmal eine Vollnarkose notwendig.<\/p>\n<p><strong>Tattoo\/Permanent-Make-up<\/strong><br \/>\nSeit Jahrtausenden tatowieren sich die Menschen, um ihre Haut zu schm\u00fccken. Die Freude am Motiv oder dem Schriftzug l\u00e4sst nach einigen Jahren deutlich nach. H\u00e4ufig kann das auch zur erheblichen Beeintr\u00e4chtigung im Berufsleben f\u00fchren.<\/p>\n<p>F\u00fcr die Tattooentfernung setzen wir einen g\u00fctegeschalteten Nd-Yag-Laser ein. Mit der Wellenl\u00e4nge 1064 nm lassen sich schwarze und blaue T\u00e4towierungen entfernen. F\u00fcr rote T\u00e4towierungen muss auf ein frequenzgedoppelter Frequenz 532 nm umgeschaltet werden.<\/p>\n<p>Laient\u00e4towierungen ben\u00f6tigen in der Regel drei bis f\u00fcnf Sitzungen f\u00fcr die vollst\u00e4ndige Entfernung. Profit\u00e4towierungen erfordern aufgrund der h\u00f6heren Pigmentdichte erheblich mehr Sitzungen.<\/p>\n<p>Mit den gleichen Lasersystemen l\u00e4sst sich Permanent-Make-up mit drei bis f\u00fcnf Sitzungen entfernen.<\/p>\n<p><strong>Altersflecken\/Lentigines<\/strong><br \/>\nVor allem an den H\u00e4nden und im Gesicht sind die so genannten Altersflecken oft unerw\u00fcnscht. Mittels q-switched Nd-YAG-Laser und IPL-Systemen\u00a0ist es m\u00f6glich, diese Flecken effektiv und nebenwirkungsfrei zu behandeln. In der Regel ist nur eine Sitzung notwendig.<\/p>\n<p><strong>Alterswarzen\/Seborrhoische Keratosen<\/strong><br \/>\nDiese warzenartige, meistens graue oder br\u00e4unliche Hautver\u00e4nderungen k\u00f6nnen ab dem 30. Lebensjahr auftreten und stellen h\u00e4ufig ein kosmetisches Problem dar. Manchmal k\u00f6nnen sie erhebliche Gr\u00f6\u00dfen erreichen. Mit zunehmendem Lebensalter sind fast alle Menschen betroffen.<\/p>\n<p>Die Alterswarzen entfernen wir mit CO<sub>2<\/sub>-Laser.<\/p>\n<p><strong>Andere gutartige Hautver\u00e4nderungen<\/strong><br \/>\nVerschiedene gutartige Hautver\u00e4nderungen k\u00f6nnen auf der Haut auftreten und k\u00f6nnen kosmetisch st\u00f6rend sein. Dazu geh\u00f6ren u.a. Talgdr\u00fcsenhyperplasien (vergr\u00f6\u00dferte Talgdr\u00fcsen), Fibrome (Stielwarzen), Xanthelasmen (Cholesterinablagerungen im Bereich der Augenlider), Tichoepitheiome und Syrigiome im Gesicht.<\/p>\n<p>Nach der auflichtmikroskopischen Untersuchung und Diagnosestellung k\u00f6nnen diese unerw\u00fcnschten Hautneubildungen erfolgreich mit ablativen Laserverfahren behandelt werden.<\/p>\n<p><strong>Viruswarzen<\/strong><br \/>\nViruswarzen treten h\u00e4ufiger bei Kindern als bei Erwachsenen auf und k\u00f6nnen neben einer medikament\u00f6sen Therapie bei bestimmten Lokalisationen auch mit Laser behandelt werden. Daf\u00fcr werden ablative Laserverfahren wie CO<sub>2<\/sub>-Laser sowie Gef\u00e4\u00dflaser verwendet.<\/p>\n<p>F\u00fcr die Feigwarzen (Condyloma acuminata) wird auch CO<sub>2<\/sub>-Laser, manchmal auch in Kombination mit einer medikament\u00f6sen Therapie eingesetzt.<\/p>\n<p><strong>Muttermale<\/strong><br \/>\nMuttermale werden meistens operativ entfernt. Bei kosmetisch bedeutsamen Stellen z.B. im Gesicht, kommt eine ablative Lasertherapie im Betracht. Dabei ist aber eine auflichtmikroskopische und ggf. vorherige histologische Untersuchung obligatorisch.<\/p>\n<p><strong>Blutschw\u00e4mmchen (Hamagiome), Spidern\u00e4vi<\/strong><br \/>\nBei den Blutschw\u00e4mmchen handelt es sich um gutartige Gef\u00e4\u00dfneubildungen der Haut, die im Laufe des Lebens auftreten und sich als dunkelrote Punkte meistens am Stamm pr\u00e4sentieren. Spidern\u00e4vus oder N\u00e4vus araneus ist eine besonders bei Kindern h\u00e4ufig vorkommende Gef\u00e4\u00dfneubildung ohne erfassbare Ursache. Manchmal kann das bei Erwachsenen als Symptom von inneren Erkrankungen wie z.B. Leberzirrhose oder Bindegewebserkrankungen auftreten.<\/p>\n<p>Beide L\u00e4sionen lassen sich hervorragend mit Gef\u00e4\u00dflasern behandeln.<\/p>\n<p><strong>Besenrei\u00dfer<\/strong><br \/>\nBesenrei\u00dfer an den Beinen stellen h\u00e4ufig f\u00fcr die Betroffenen ein kosmetisches Problem dar. Dabei k\u00f6nnen sie ein Zeichen von Venenfunktionst\u00f6rungen sein. Deshalb steht am Anfang der Therapie eine umfassende Venendiagnostik, um die Blutfl\u00fcssst\u00f6rungen in den tiefen und oberfl\u00e4chlichen Stammvenen zu erkennen.<br \/>\nEine Sklerotherapie (Ver\u00f6dung) stellt einen Goldstandart in der Behandlung von Besenrei\u00dfern dar. Allerdings ist eine Lasertherapie in bestimmten F\u00e4llen (Kn\u00f6chelregion, sehr feine Gef\u00e4sse) eine wichtige Therapieoption.<\/p>\n<p>Uns stehen daf\u00fcr Farbstofflaser, KTP-Laser und\u00a0langgepulster Nd-Yag Laser\u00a0zur Verf\u00fcgung.<\/p>\n<p><strong>Narben \/ Aknenarben<\/strong><br \/>\nDie Narbenbehandlung ist sehr komplex und ben\u00f6tigt eine individualisierte Vorgehensweise.<\/p>\n<p>Besonders bei ger\u00f6teten Narben kann man mit dem gepulsten Farbstofflaser eine deutliche Aufhellung erreichen. Um die Narbentextur zu verbessern, benutzen wir nicht ablative (Erbium Glass) und ablative (Fraxel- CO<sub>2<\/sub>) Lasersysteme. F\u00fcr rote Narben wird zus\u00e4tzlich Farbstoff-Laser verwendet.<\/p>\n<p><strong>Striae distensae (Schwangerschafts- oder Dehnungsstreifen)<br \/>\n<\/strong>Die Schwangerschaftsstreifen lassen sich mittels Lasertherapie deutlich verbessern oder sogar komplett beseitigen. Besonders effektiv ist die Therapie bei den Patienten bis zum 40. Lebensjahr. F\u00fcr diese Therapie benutzen wir in erster Linie Erbium-Glass-Laser. Bei den roten Dehnungsstreifen wird die Therapie mit dem Farbstoff-Laser kombiniert.<\/p>\n<p><strong>Aktinische Keratose (Hautkrebs-Vorstufen)<br \/>\n<\/strong>Aktinische Keratosen sind bei Menschen helleren Hauttyps sehr verbreitet. Sie entstehen durch UV-Strahlung und k\u00f6nnen sich zu einem Plattenepitelkarzinom entwickeln. Die Behandlung ist sehr vielseitig. Bei ausgedehnten Befunden ist die Photodynamische Therapie die Methode der Wahl. Bei den begrenzten Herden ist die Behandlung mit CO<sub>2<\/sub>-Laser effektiv.<\/p>\n<p><strong>Melasma<br \/>\n<\/strong>Unter Melasma versteht man eine Hyperpigmentierung (br\u00e4unliche Verf\u00e4rbung), die \u00fcberwiegend im Gesicht bei Frauen mittleren Alters mit dunklerer Hautfarbe auftritt. Sonneneinstrahlung und Hormonpr\u00e4perate (z. B. Pille) sind die provozierenden Faktoren. Au\u00dfer konsequentem Sonnenschutz l\u00e4sst ich Melasma mit Laser und IPS-Systemen deutlich aufhellen.<\/p>\n<p><strong>Skin Rejuvenation (Hautverj\u00fcngung)<br \/>\n<\/strong>Zur Skin Rejuvenation geh\u00f6ren diverse Lasertherapeutische Verfahren, die zu einer Verbesserung des Hautbildes und zur Reduktion von Alters- und sonnenbedingten Hautsch\u00e4den dienen. Dazu z\u00e4hlen kleine F\u00e4ltchen, vergr\u00f6\u00dferte Hautporen, kleine Narben, Sonnenflecken, erweiterte Gef\u00e4\u00dfe etc. Bei uns werden abh\u00e4ngig von dominierenden Hautver\u00e4nderungen verschiedene Methoden verwendet: IPL-Blitzlampen, Fraxel-Erbium-Glass, Fraxel- CO<sub>2<\/sub>-Laser und Photodynamische Therapie. Die Behandlung wird oft in mehreren Etappen durchgef\u00fchrt.<\/p>\n<p><strong>Akne<br \/>\n<\/strong>Akne ist die h\u00e4ufigste Hauterkrankung, von der Jugendliche und junge Erwachsene betroffen sind. Zus\u00e4tzlich zu medikament\u00f6sen Therapie hat sich die Behandlung mit hochwertigen IPL-System als effektiv erwiesen. Die Therapie umfasst vier Sitzungen im Abstand von drei bis vier Wochen.<\/p>\n<hr \/>\n<p><a href=\"https:\/\/www.klinik-am-zuckerberg.de\/fachgebiete\/gynaekologie\/lasertherapie-in-der-klinik-am-zuckerberg\/\">Informationen\u00a0zur\u00a0Gyn\u00e4kologischen\u00a0Lasertherapie\u00a0(Prof.\u00a0Dr.\u00a0Gerhard\u00a0Grospietsch)<\/a><\/p>\n","protected":false},"excerpt":{"rendered":"<p>Mit Lasertechnik der neuesten Generation werden dauerhafte Haarentfernungen, Narben- und Feuermalbehandlungen, Warzen- und narbenfreie Tattooentfernungen durchgef\u00fchrt.<\/p>\n","protected":false},"author":3,"featured_media":1061,"parent":7,"menu_order":40,"comment_status":"closed","ping_status":"closed","template":"","meta":[],"_links":{"self":[{"href":"http:\/\/www.21cug.de\/kaz\/wp-json\/wp\/v2\/pages\/153"}],"collection":[{"href":"http:\/\/www.21cug.de\/kaz\/wp-json\/wp\/v2\/pages"}],"about":[{"href":"http:\/\/www.21cug.de\/kaz\/wp-json\/wp\/v2\/types\/page"}],"author":[{"embeddable":true,"href":"http:\/\/www.21cug.de\/kaz\/wp-json\/wp\/v2\/users\/3"}],"replies":[{"embeddable":true,"href":"http:\/\/www.21cug.de\/kaz\/wp-json\/wp\/v2\/comments?post=153"}],"version-history":[{"count":0,"href":"http:\/\/www.21cug.de\/kaz\/wp-json\/wp\/v2\/pages\/153\/revisions"}],"up":[{"embeddable":true,"href":"http:\/\/www.21cug.de\/kaz\/wp-json\/wp\/v2\/pages\/7"}],"wp:featuredmedia":[{"embeddable":true,"href":"http:\/\/www.21cug.de\/kaz\/wp-json\/wp\/v2\/media\/1061"}],"wp:attachment":[{"href":"http:\/\/www.21cug.de\/kaz\/wp-json\/wp\/v2\/media?parent=153"}],"curies":[{"name":"wp","href":"https:\/\/api.w.org\/{rel}","templated":true}]}}