{"id":149,"date":"2016-05-31T16:52:50","date_gmt":"2016-05-31T14:52:50","guid":{"rendered":"https:\/\/www.klinik-am-zuckerberg.de\/?page_id=149"},"modified":"2016-05-31T16:52:50","modified_gmt":"2016-05-31T14:52:50","slug":"chirurgieorthopaedie","status":"publish","type":"page","link":"http:\/\/www.21cug.de\/kaz\/fachgebiete\/chirurgieorthopaedie\/","title":{"rendered":"Chirurgie"},"content":{"rendered":"<h3>Chirurgie<\/h3>\n<p>Wir sind ein Team von spezialisierten Fach\u00e4rzten, die seit vielen Jahren auf h\u00f6chstem medizinischen Niveau zusammenarbeiten.<\/p>\n<p><strong>Unsere Schwerpunkte sind:<\/strong><\/p>\n<ul>\n<li>Krampfaderchirurgie jeder Gr\u00f6\u00dfenordnung mit besten medizinischen und auch kosmetischen Ergebnissen<\/li>\n<li>Leistenbruch- und Nabelbruch-Chirurgie<\/li>\n<li>\u00e4sthetische Chirurgie<\/li>\n<li>orthop\u00e4dische Chirurgie<\/li>\n<\/ul>\n<hr \/>\n<h3>Chirurgie (Enddarm und Schilddr\u00fcse)<\/h3>\n<p><strong>\u201eErkrankungen der Schilddr\u00fcse und des Enddarms sind weit verbreitet.&#8220;<\/strong><\/p>\n<p><em>Das Spektrum der Chirurgie umfasst folgende Behandlungen und Eingriffe:<\/em><\/p>\n<p><strong>Erkrankungen des Enddarms<\/strong><br \/>\nKonservative und operative Behandlung von H\u00e4morrhoiden, Marisken, Fisteln, Fissuren und Infektionen. Vor einer Untersuchung oder Behandlung schrecken viele Menschen zur\u00fcck, da auch heute noch die Analregion eine tabuisierte K\u00f6rperregion darstellt. Dabei k\u00f6nnten sich die Betroffenen durch eine fr\u00fchzeitig begonnene Therapie viele<br \/>\nqualvolle Momente ersparen.<\/p>\n<p><strong>Erkrankungen der Schilddr\u00fcse<\/strong><br \/>\nJeder 3. erwachsene Bundesb\u00fcrger hat krankhafte Ver\u00e4nderungen an der Schilddr\u00fcse, von denen er bisher nichts wusste. Frauen und M\u00e4nner sind gleicherma\u00dfen betroffen. Am h\u00e4ufigsten unter den Erkrankungen sind vergr\u00f6\u00dferte Schilddr\u00fcsen oder knotige Ver\u00e4nderungen mit oder ohne Funktionsst\u00f6rungen.<\/p>\n<h3>Fu\u00dfchiurgie<\/h3>\n<p><strong>Haglundferse<\/strong><br \/>\nSchmerzen am Fersenbein, dicht neben dem Achillessehnen-Ansatz, werden arthroskopisch durch Abfr\u00e4sen eines Knochensporns beseitigt. Die arthroskopische Therapie hat den Vorteil, dass ein geschlossener Schuh schneller wieder angezogen werden kann.<\/p>\n<p><strong>Fersensporn<\/strong><br \/>\nBei anhaltenden Schmerzen kerben wir die am Fersensporn ansetzende Sehne ein, so dass Schmerzfreiheit erm\u00f6glicht wird.<br \/>\n<strong><br \/>\nHallux\/Hammerzehe<\/strong><br \/>\nDiese sehr h\u00e4ufigen Erkrankungen k\u00f6nnen das Tragen geschlossener Schuhe durch Schmerzen massiv beeintr\u00e4chtigen. Verschiedene moderne Operationstechniken werden angewendet und dem Einzelfall angepasst.<\/p>\n","protected":false},"excerpt":{"rendered":"<p>Unser Chirurgie-Team besteht aus vier hochqualifizierten Fach\u00e4rzten, die seit vielen Jahren zusammenarbeiten. Zwei erfahrene Assistenz\u00e4rzte unterst\u00fctzen sie in allen Bereichen. Das Team ist spezialisiert auf die gelenkerhaltende, rekonstruktive Chirurgie und Prothetik an Schulter, H\u00fcfte und Knie. Ziel ist es, jedem Patienten die medizinisch beste L\u00f6sung f\u00fcr sein Problem anzubieten.<\/p>\n","protected":false},"author":3,"featured_media":786,"parent":7,"menu_order":20,"comment_status":"closed","ping_status":"closed","template":"","meta":[],"_links":{"self":[{"href":"http:\/\/www.21cug.de\/kaz\/wp-json\/wp\/v2\/pages\/149"}],"collection":[{"href":"http:\/\/www.21cug.de\/kaz\/wp-json\/wp\/v2\/pages"}],"about":[{"href":"http:\/\/www.21cug.de\/kaz\/wp-json\/wp\/v2\/types\/page"}],"author":[{"embeddable":true,"href":"http:\/\/www.21cug.de\/kaz\/wp-json\/wp\/v2\/users\/3"}],"replies":[{"embeddable":true,"href":"http:\/\/www.21cug.de\/kaz\/wp-json\/wp\/v2\/comments?post=149"}],"version-history":[{"count":0,"href":"http:\/\/www.21cug.de\/kaz\/wp-json\/wp\/v2\/pages\/149\/revisions"}],"up":[{"embeddable":true,"href":"http:\/\/www.21cug.de\/kaz\/wp-json\/wp\/v2\/pages\/7"}],"wp:featuredmedia":[{"embeddable":true,"href":"http:\/\/www.21cug.de\/kaz\/wp-json\/wp\/v2\/media\/786"}],"wp:attachment":[{"href":"http:\/\/www.21cug.de\/kaz\/wp-json\/wp\/v2\/media?parent=149"}],"curies":[{"name":"wp","href":"https:\/\/api.w.org\/{rel}","templated":true}]}}