{"id":145,"date":"2016-05-31T16:48:47","date_gmt":"2016-05-31T14:48:47","guid":{"rendered":"https:\/\/www.klinik-am-zuckerberg.de\/?page_id=145"},"modified":"2016-05-31T16:48:47","modified_gmt":"2016-05-31T14:48:47","slug":"venenzentrum","status":"publish","type":"page","link":"http:\/\/www.21cug.de\/kaz\/fachgebiete\/venenzentrum\/","title":{"rendered":"Venenzentrum"},"content":{"rendered":"<h3>Venen-Kompetenzzentrum seit 25 Jahren<\/h3>\n<p>Gesunde und sch\u00f6ne Beine ein Leben lang.<br \/>\nDas Venenzentrum Hannover Fachklinik f\u00fcr Venen- und Enddarmerkrankungen in Kombination mit dem Venenzentrum Braunschweig sind die f\u00fchrenden Venenkliniken Deutschlands.<\/p>\n<p>Das Venenzentrum Hannover ist dabei besonders spezialisiert auf die Behandlung von Krampfadern jeder Gr\u00f6\u00dfenordnung. Hierbei wird bei uns neben einem perfekten medizinischen Ergebnis besonderer Wert auf die \u00e4sthetischen Anspr\u00fcche unserer Patienten gelegt. Narbenfreie Operationsverfahren erm\u00f6glichen es, diesen Anspr\u00fcchen gerecht zu werden.<\/p>\n<p>Lassen Sie sich von den hervorragenden M\u00f6glichkeiten \u00fcberzeugen, die die heutige moderne Technik in Kombination mit fach\u00e4rztlicher Kompetenz f\u00fcr Sie bereith\u00e4lt. St\u00e4ndige Fortbildung sowie unsere hohen Erfahrungswerte mit \u00fcber 42.000 zufriedenen Venenpatienten in den letzten 25 Jahren sind ein Garant f\u00fcr jeden Venenpatienten.<\/p>\n<p>Hier erhalten Sie eine individuell auf Sie abgestimmte Therapie, besonders schonend aber effektiv, unter dem Einsatz modernster Verfahren, wie zum Beispiel der endoluminaren Laserversiegelung von Krampfadern, bei der man sich meist den Leistenschnitt erspart. Unser Credo ist es, ein perfektes medizinisches Ergebnis zu erzielen und daher ein besonders sch\u00f6nes \u00e4sthetisches Ergebnis als Nebeneffekt zu erhalten.<\/p>\n<p>Zu den Behandlungsschwerpunkten geh\u00f6ren neben den Krampfadern jeder Gr\u00f6\u00dfenordnung auch kleinste Besenrei\u00dfer und die etwas gr\u00f6\u00dferen Astvarizen, die mittels Ver\u00f6dung oder durch Speziallaser beseitigt werden k\u00f6nnen. Die operativen Behandlungen werden nicht nur in Vollnarkose (wir verf\u00fcgen \u00fcber ein sehr schonendes Narkoseverfahren), sondern auf Wunsch auch mit \u00f6rtlicher Bet\u00e4ubung durchgef\u00fchrt. Uns ist keine Krampfader zu gro\u00df und auch keine zu klein.<\/p>\n<p>Ein weiterer Schwerpunkt ist die Behandlung von arteriellen Durchblutungsst\u00f6rungen, wie z.B. dem Raucherbein und offenen Beinen, sowie die Behandlung von Lymph\u00f6demen. Das Venenzentrum Hannover verf\u00fcgt \u00fcber neueste und beste personelle, technische und apparative M\u00f6glichkeiten, Krampfadern jeder Gr\u00f6\u00dfenordnung effizient und unter besten kosmetischen Ergebnissen zu beseitigen.<\/p>\n<p><strong>Terminabsprache unter 0531 263 30<\/strong><\/p>\n<p>Wir freuen uns auf Sie!<\/p>\n<hr \/>\n<h3>Leistungsspektrum<\/h3>\n<p><strong>Venen<\/strong><\/p>\n<ul>\n<li>Besenrei\u00dfer<\/li>\n<li>Krampfadern (Varizen)<\/li>\n<li>operative Verfahren: Crossektomie\/Stripping-Operation, Laserbehandlung, Sapheon Closure System<\/li>\n<li>kosmetischer Aspekt, kleine Schnitte<\/li>\n<li>Ver\u00f6dung<\/li>\n<li>Kompressionsbehandlung<\/li>\n<li>Lokalbehandlung (mit Salben\/Gelen)<\/li>\n<li>Thrombosen und Lungenembolien<\/li>\n<\/ul>\n<p><strong>Ulkusbehandlung<\/strong><\/p>\n<ul>\n<li>konservativ<\/li>\n<li>plastische Deckung durch Spalthauttransplantat<\/li>\n<\/ul>\n<p><strong>Erkrankungen des Lymphsystems<\/strong><\/p>\n<ul>\n<li>Wundrose (Erysipel)<\/li>\n<li>Lymph\u00f6dem<\/li>\n<\/ul>\n<p><strong>Arterien (Diagnostik und ausf\u00fchrliche Beratung)<\/strong><\/p>\n<ul>\n<li>Verengung der Halsschlagader (Carotis)<\/li>\n<li>Erweiterung der Bauchschlagader (Aneurysma)<\/li>\n<li>Engstellung oder Verschluss der Arterien der Extremit\u00e4ten (Schaufensterkrankheit bzw. pAVK)<\/li>\n<\/ul>\n<p><strong>Vorsorgeuntersuchung des ven\u00f6sen und arteriellen Gef\u00e4\u00dfsystems<\/strong><br \/>\nmit den dazugeh\u00f6rigen Beratungen, z. B.<\/p>\n<ul>\n<li>Gef\u00e4\u00df Check-Up<\/li>\n<li>Reisethrombose<\/li>\n<li>famili\u00e4re Thromboseneigung (Thrombophilie)<\/li>\n<li>Gef\u00e4\u00dfanomalien<\/li>\n<li>Schlaganfallrisiko<\/li>\n<\/ul>\n<h3>Venenleiden &#8211; eine Volkskrankheit<\/h3>\n<p>Nach einer Erhebung der Weltgesundheitsorganisation (WHO) geh\u00f6ren Venenleiden zu den weltweit h\u00e4ufigsten Erkrankungen. Gerade in Deutschland z\u00e4hlen sie zu den sogenannten Volkskrankheiten und werden oft verharmlost. Allein in der Bundesrepublik Deutschland weisen ca. 27 Mio. Menschen krankhafte Ver\u00e4nderungen der Beinvenen auf. \u00dcber 5 Mio. Mitb\u00fcrger leiden an einer fortgeschrittenen, chronisch ven\u00f6sen Insuffizienz, die zum offenen Bein f\u00fchren kann.<\/p>\n<p>Ven\u00f6se Beinleiden z\u00e4hlen zu den \u00e4ltesten fr\u00fchdokumentierten Erkrankungen der Menschheit. Schon die \u00c4rzte der Antike besch\u00e4ftigten sich mit dem Entstehen von Krampfadern und offenen Beinen. Leider ist es jedoch auch wahr, dass Venenleiden in Forschung und Lehre lange Zeit vernachl\u00e4ssigt wurden. Nach einer aktuell vorgelegten Studie leiden in den alten Bundesl\u00e4ndern 5,3 Mio. Menschen an schweren Venenerkrankungen, davon sind ca. 1,1 Mio. von einem offenen Bein betroffen. Diese Erkrankungen mit teilweise qu\u00e4lenden Begleiterscheinungen m\u00fcssen als Volksleiden angesehen werden. Geht man von diesen Daten aus und ber\u00fccksichtigt die tendenzielle Entwicklung von Venenerkrankungen, so kann man sagen, dass heute etwa jede 2. Frau und jeder 4. Mann hierzulande venenkrank sind.<\/p>\n<p>Das Venenzentrum der Klinik am Zuckerberg ist eine Spezialabteilung, die sich \u00fcberwiegend mit der Behandlung von Venenerkrankungen besch\u00e4ftigt. Daneben werden auch Patienten mit arterieller Verschlusskrankheit und Mischformen beider Erkrankungen behandelt. Die Behandlung basiert auf den bew\u00e4hrten Therapiegesetzen der internationalen und nationalen Gef\u00e4\u00dfzentren, besonders der in Basel, Innsbruck, Paris und T\u00fcbingen. Diese bew\u00e4hrten Behandlungsmethoden wurden im Venenzentrum der Klinik am Zuckerberg weiterentwickelt und mit modernen Ger\u00e4ten ( u.a. auch aus der Laserabteilung) kombiniert.<\/p>\n<h3>Folgende Krankheitszeichen deuten auf ein Krampfaderleiden hin:<\/h3>\n<p>Krampfadern (Varizen) sind nicht immer mit blo\u00dfem Auge erkennbar, da sie in subcutanem Fettgewebe mehr oder weniger tief eingebettet sein k\u00f6nnen.<\/p>\n<ul>\n<li>Spannungsgef\u00fchl<\/li>\n<li>Schweregef\u00fchl (mit Besserung durch Gehen und Laufen sowie bei Beinhochlagerung)<\/li>\n<li>Schwellung der Kn\u00f6chel<\/li>\n<li>Schmerzen im Bereich der Krampfaderbildung (insbesondere beim Stehen)<\/li>\n<li>Juckreiz der Haut \u00fcber einer gr\u00f6\u00dferen Krampfader<\/li>\n<li>seltener n\u00e4chtliche Wadenkr\u00e4mpfe<\/li>\n<li>pr\u00e4menstruell ziehende Beschwerden im Bereich von Krampfadern<\/li>\n<li>Beschwerdezunahme bei W\u00e4rme im Sommer<\/li>\n<\/ul>\n<p>Im fortgeschrittenen Stadium:<\/p>\n<ul>\n<li>Venenentz\u00fcndung mit Blutgerinnselbildung (Varicothrombophlebitis)<\/li>\n<li>Tiefe Beinvenenthrombose<\/li>\n<li>Braunverf\u00e4rbung der Hautoberfl\u00e4che (speziell \u00fcber den Unterschenkelinnenseiten)<\/li>\n<li>pergamentartig ver\u00e4nderte Haut<\/li>\n<li>Offenes Bein (Ulcus Cruris)<\/li>\n<li>gelegentlich Fu\u00df- oder Nagelpilz (Zusammenhang mit der Krampfaderbildung vielfach verkannt)<\/li>\n<\/ul>\n<h3>Diagnoseverfahren<\/h3>\n<p><strong>Farbcodierte Duplexsonographie<\/strong><br \/>\nDie farbcodierte Duplexsonographie erm\u00f6glicht eine sichtbare Darstellung des oberfl\u00e4chlichen und tiefen Venensystems ohne Kontrastmittel und l\u00e4sst Venenklappensch\u00e4den, Gef\u00e4\u00dferweiterungen und -verengungen sowie Kalkablagerungen erkennen. Arterien und Venen k\u00f6nnen durch dieses Diagnoseverfahren farbig dargestellt werden. Auf diese Weise werden eine exakte Thrombosediagnostik, die schmerzfreie Erkennung von Durchblutungsst\u00f6hrungen sowie Verlaufs- und Operationskontrollen erm\u00f6glicht.<\/p>\n<p><strong>Ultraschall-Dopplersonographie<\/strong><br \/>\nDie Ultraschall-Dopplersonographie wird zur Messung arterieller und ven\u00f6ser Durchblutungsst\u00f6rungen und zur Blutdruckmessung der Arterien eingesetzt. Weiterhin k\u00f6nnen das Ausma\u00df von Venenklappensch\u00e4den und auch die Blutflussrichtung festgestellt werden.<\/p>\n<p><strong>Lichtreflexionsrheographie (LRR)<\/strong><br \/>\nZur Basisdiagnostik geh\u00f6rt das LRR-Verfahren. Es misst den ven\u00f6sen R\u00fcckstrom und zeigt an, wie schnell das ven\u00f6se Blut im Bein versackt. Dieses Verfahren dient der Feststellung, ob ein operativer Eingriff zur F\u00f6rderung des R\u00fcckflusses sinnvoll ist. Eine r\u00f6ntgenologische Gef\u00e4\u00dfdarstellung mit Kontrastmittel (Phlebographie) ist vor geplanten operativen Eingriffen manchmal notwendig, um die genaue Ausdehnung der Krampfadern zu ermitteln, besonders nach einer fr\u00fcheren Krampfaderoperation.<\/p>\n<p><strong>Venenverschlussplethysmographie<\/strong><br \/>\nDie Venenverschlussplethysmographie zur Messung der ven\u00f6sen Kapazit\u00e4t zeigt den ven\u00f6sen R\u00fcckfluss und eventuelle Abflussbehinderungen auf.<\/p>\n","protected":false},"excerpt":{"rendered":"<p>Zu den Behandlungsschwerpunkten in unserem Venenzentrum geh\u00f6ren bei Krampfadern jeder Gr\u00f6\u00dfenordnung Astvarizen und kleinste Besenreiser. Ein weiterer Fokus richtet sich auf die Behandlung von arteriellen Durchblutungsst\u00f6rungen und Lymph\u00f6demerkrankungen.<\/p>\n","protected":false},"author":3,"featured_media":1073,"parent":7,"menu_order":95,"comment_status":"closed","ping_status":"closed","template":"","meta":[],"_links":{"self":[{"href":"http:\/\/www.21cug.de\/kaz\/wp-json\/wp\/v2\/pages\/145"}],"collection":[{"href":"http:\/\/www.21cug.de\/kaz\/wp-json\/wp\/v2\/pages"}],"about":[{"href":"http:\/\/www.21cug.de\/kaz\/wp-json\/wp\/v2\/types\/page"}],"author":[{"embeddable":true,"href":"http:\/\/www.21cug.de\/kaz\/wp-json\/wp\/v2\/users\/3"}],"replies":[{"embeddable":true,"href":"http:\/\/www.21cug.de\/kaz\/wp-json\/wp\/v2\/comments?post=145"}],"version-history":[{"count":0,"href":"http:\/\/www.21cug.de\/kaz\/wp-json\/wp\/v2\/pages\/145\/revisions"}],"up":[{"embeddable":true,"href":"http:\/\/www.21cug.de\/kaz\/wp-json\/wp\/v2\/pages\/7"}],"wp:featuredmedia":[{"embeddable":true,"href":"http:\/\/www.21cug.de\/kaz\/wp-json\/wp\/v2\/media\/1073"}],"wp:attachment":[{"href":"http:\/\/www.21cug.de\/kaz\/wp-json\/wp\/v2\/media?parent=145"}],"curies":[{"name":"wp","href":"https:\/\/api.w.org\/{rel}","templated":true}]}}