{"id":1431,"date":"2017-12-05T17:24:02","date_gmt":"2017-12-05T16:24:02","guid":{"rendered":"https:\/\/www.klinik-am-zuckerberg.de\/?page_id=1431"},"modified":"2017-12-05T17:24:02","modified_gmt":"2017-12-05T16:24:02","slug":"lasertherapie-in-der-klinik-am-zuckerberg","status":"publish","type":"page","link":"http:\/\/www.21cug.de\/kaz\/fachgebiete\/gynaekologie\/lasertherapie-in-der-klinik-am-zuckerberg\/","title":{"rendered":"Lasertherapie in der Klinik am Zuckerberg"},"content":{"rendered":"<h6><img decoding=\"async\" loading=\"lazy\" class=\"alignnone wp-image-1433\" src=\"http:\/\/www.21cug.de\/kaz\/wp-content\/uploads\/sites\/4\/2017\/12\/Grospietsch.jpg\" alt=\"\" width=\"171\" height=\"172\" srcset=\"http:\/\/www.21cug.de\/kaz\/wp-content\/uploads\/sites\/4\/2017\/12\/Grospietsch.jpg 800w, http:\/\/www.21cug.de\/kaz\/wp-content\/uploads\/sites\/4\/2017\/12\/Grospietsch-300x300.jpg 300w, http:\/\/www.21cug.de\/kaz\/wp-content\/uploads\/sites\/4\/2017\/12\/Grospietsch-150x150.jpg 150w, http:\/\/www.21cug.de\/kaz\/wp-content\/uploads\/sites\/4\/2017\/12\/Grospietsch-768x772.jpg 768w\" sizes=\"(max-width: 171px) 100vw, 171px\" \/><br \/>\nProf. Dr. Gerhard Grospietsch<\/h6>\n<p>(ambulant, schmerzfrei, ohne Narkose)<\/p>\n<p><strong>Neue Wege zur Befreiung im Intimbereich der Frau<\/strong><\/p>\n<p>Ich habe in meiner Praxis in vielen, vielen Jahren immer wieder Frauen gesehen, die im Scheidenbereich und\/oder im Bereich des \u00e4u\u00dferen Genitales an oft langwierigen, schwer zu behandeln Problemen mit meist unbefriedigenden Erfolg gelitten haben. Hier gibt es jetzt endlich mit einem vollkommen neuen\u00a0Behandlungsverfahren, mit einem hochmodernen Laser, die M\u00f6glichkeit eine Verj\u00fcngung\/Regeneration der Scheide und der degenerativen Ver\u00e4nderungen im \u00e4u\u00dfere Genitale durchzuf\u00fchren. Davon m\u00f6chte ich gerne berichten<\/p>\n<p><strong>Scheide\/Blase<\/strong><\/p>\n<p>Viele Frauen leiden im Bereich der Scheide und der Blase h\u00e4ufig an<\/p>\n<ul>\n<li>Schmerzen beim Geschlechtsverkehr<\/li>\n<li>Brennen, Juckreiz, Trockenheit der Scheide<\/li>\n<li>Inkontinenz<\/li>\n<li>Blasenentz\u00fcndungen<\/li>\n<li>Senkungsbeschwerden z.B. nach der Geburt<\/li>\n<\/ul>\n<p>Betroffen sind vor allem Frauen nach der Geburt, w\u00e4hrend der Stillzeit, bes. h\u00e4ufig auch im Klimakterium oder Frauen nach Chemotherapie oder Bestrahlung bzw. nach operativer Entfernung der Eierst\u00f6cke.<\/p>\n<p>Ursache ist meist ein Hormonmangel, der in der Scheidenwand, in der Blase und im Schlie\u00dfmuskel der Blase zu degenerativen Ver\u00e4nderungen f\u00fchrt.<\/p>\n<p>Frauen in den Wechseljahren leiden zu etwa 50 % an einer\u00a0mehr oder\u00a0weniger ausgepr\u00e4gten Blasenschw\u00e4che, die sich in Harnverlust (Inkontinenz) und immer wieder auftretende Infektionen \u00e4u\u00dfern kann und zu etwa 80 % an Scheidenver\u00e4nderungen, die wir als Atrophie bezeichnen. Die Scheidenhaut wird d\u00fcnner, trockener, weniger elastisch und ist leicht verletzlich. Auch die Schleimhaut der Blase und des Schlie\u00dfmuskels sind von diesen degenerativen Ver\u00e4nderungen betroffen, sowie die St\u00fctz-und Haltefunktion des Beckenbodens, die zu einer Senkung, besonders bei Veranlagung durch eine Bindegewebsschw\u00e4che, f\u00fchrt.<\/p>\n<p>Schmerzen beim und nach dem Geschlechtsverkehr mit Brennen, Juckreiz und Trockenheit der Scheide sind die Folge. Die sexuelle Erregung, die durch Sekretbildung im \u00e4u\u00dferen Genitalbereich zum Feuchtwerden des Scheideneingangs f\u00fchrt, l\u00e4sst nach oder tritt gar nicht mehr ein. Es entwickelt sich ein Libidoverlust. H\u00e4ufig kommt es auch zu leichten Blutungen, die die Frauen sehr beunruhigen. Daraus entstehen sehr oft ausgepr\u00e4gte sexuelle Probleme. Verst\u00e4ndlicherweise versucht die Frau den schmerzhaften Geschlechtsverkehr zu vermeiden.<\/p>\n<p>Die Therapie mit Cremes, Gleitmitteln und Hormonen bringt oft nicht den erw\u00fcnschten Erfolg. H\u00e4ufig werden auch Hormone aus Furcht vor Nebenwirkungen abgelehnt oder d\u00fcrfen zum Beispiel nach einer Brustkrebserkrankung nicht ben\u00fctzt werden.<\/p>\n<p>Blasenschw\u00e4che betrifft einerseits den Verschlussmechanismus und andererseits die Anf\u00e4lligkeit f\u00fcr Infektionen.<\/p>\n<p>Mit zunehmendem Alter leiden immer mehr Frauen an einer Inkontinenz. Bei k\u00f6rperlicher Belastung wie z.B. Husten, Lachen, Niesen, Heben von schweren Lasten oder Treppensteigen kommt es zu einem ungewollten Urinabgang. H\u00e4ufig ist auch ein Gef\u00fchl dringend auf die Toilette zu m\u00fcssen und es nicht mehr zu schaffen um dann festzustellen, dass sich nur wenig in der Blase gesammelt hat. Mit kaum jemand kann man \u00fcber diese peinlichen Situationen sprechen.<\/p>\n<p>Ein anderes Problem sind die immer wieder und immer h\u00e4ufiger auftretenden Harnwegsinfektionen, die sich nicht mehr mit Blasenstee, Cranberry und anderen konservativen Mitteln beherrschen lassen. H\u00e4ufig m\u00fcssen Antibiotika eingenommen werden, die neben einer Resistenzentwicklung der Bakterien zu vielen anderen Nebenwirkungen z.B. durch Zerst\u00f6rung der Darm- und\/oder Scheidenflora zu Durchfall und\/oder\u00a0Scheidensentz\u00fcndungen f\u00fchren.<\/p>\n<p>Wegen all dieser l\u00e4stigen, schwierigen, schwer zu therapierenden und mit vielen R\u00fcckf\u00e4llen versehenen Belastungen des K\u00f6rpers wurde viele viele Jahre nach therapeutischen Alternativen gesucht.<\/p>\n<p>Jetzt hat man mit einer speziellen CO<sub>2<\/sub> Lasertherapie <strong>einen<\/strong> einfachen L\u00f6sungsansatz f\u00fcr all die oben genannten Probleme gefunden.<\/p>\n<p><strong>Das Zauberwort hei\u00dft Fem Touch.<\/strong><\/p>\n<p>Es ist eine -im Gegensatz zu anderen Lasertherapiemethoden- \u00a0besonders effektive Therapie. Sie ist zudem schmerzfrei, ohne Vorbehandlung, ohne Nebenwirkungen, ohne Narkose, ohne Nachbehandlung, hormonfrei, ambulant in wenigen Minuten, in 2-3 Sitzungen durchf\u00fchrbar.<\/p>\n<p><img decoding=\"async\" loading=\"lazy\" class=\"size-full wp-image-1434 aligncenter\" src=\"http:\/\/www.21cug.de\/kaz\/wp-content\/uploads\/sites\/4\/2017\/12\/gyn_laser1.jpg\" alt=\"\" width=\"783\" height=\"481\" srcset=\"http:\/\/www.21cug.de\/kaz\/wp-content\/uploads\/sites\/4\/2017\/12\/gyn_laser1.jpg 783w, http:\/\/www.21cug.de\/kaz\/wp-content\/uploads\/sites\/4\/2017\/12\/gyn_laser1-300x184.jpg 300w, http:\/\/www.21cug.de\/kaz\/wp-content\/uploads\/sites\/4\/2017\/12\/gyn_laser1-768x472.jpg 768w\" sizes=\"(max-width: 783px) 100vw, 783px\" \/><\/p>\n<p>Der behandelnde Gyn\u00e4kologe f\u00fchrt den sterilen Fem Touch Laser in die Vagina ein, um ihn dann anschlie\u00dfend in einer ausw\u00e4rts gerichteten Bewegung um die eigene Achse zu drehen. Dabei werden in bestimmten Abst\u00e4nden CO<sub>2<\/sub> Lasersignale in die Scheidenhaut eingebracht. Durch diese Ma\u00dfnahme wird die Durchblutung der Scheidenhaut, die Kollagenproduktion, die Produktion elastischer Fasern und dadurch die Regeneration der Scheidenhaut, des umgebenden Gewebes, sowie der Harnr\u00f6hre und der Blasensschleimhaut angeregt.<\/p>\n<p>Vom Gef\u00fchl her ist es \u00e4hnlich der einer Ultraschalluntersuchung durch die Scheide, die jede Frau kennt. Manchmal kann ein leichtes, aber nicht unangenehmes, W\u00e4rmegef\u00fchl in der Scheide entstehen.<\/p>\n<p>In 2-3 Sitzungen bedeutet dies eine Wiederherstellung der normalen Scheidenfunktion, mit Straffung des Bindegewebes und Besserung der Blasenfunktion. Geschlechtsverkehr ist wieder normal m\u00f6glich. Die Probleme des immer wieder auftretenden dringenden Harndrangs -kann ich die Toilette noch erreichen? &#8211; und des unwillk\u00fcrlichen Harnverlustes reduzieren sich, im Idealfall normalisieren sie sich. Gleichzeitig tritt eine Straffung des Bindegewebes des Beckenbodens auf, gekoppelt mit der Besserung und Prophylaxe von Senkungsbeschwerden.<\/p>\n<p>Diese innovative neue Therapieform ist ein gro\u00dfer Fortschritt zur Verbesserung der Lebensqualit\u00e4t vieler Frauen.<\/p>\n<p><strong>\u00c4u\u00dferes Genitale<\/strong><\/p>\n<p><strong>Lichen sclerosus et athrophicans<\/strong><\/p>\n<p>Eine besonders belastende Erkrankung, f\u00fcr Gott sei Dank nur wenige Frauen, ist der sog. Lichen sclerosus et athrophicans auch unter dem Namen Kraurosis Vulvae oder Vulvadystrophie bekannt. Es ist eine degenerative Erkrankung die schon in sehr jungem Alter, gelegentlich schon vor der Pubert\u00e4t, auftreten kann. Sie ist gekennzeichnet durch eine wei\u00dflich-porzellanartige Haut des \u00e4u\u00dferen Genitales in sehr unterschiedlicher Auspr\u00e4gung und kann sich auf den Bereich des Dammes bis zum After ausbreiten. Sie ist vergesellschaftet mit einer Schrumpfung und Sklerosierung der Haut und des darunterliegenden Bindegewebes. Die Ursache ist bisher nicht bekannt man diskutiert eine Autoimmunerkrankung.<\/p>\n<p>Die betroffenen Frauen leiden oft an einem qu\u00e4lenden Juckreiz, sowie brennenden Schmerzen. Besonders nachts kratzen die Frauen unbewusst und verletzen sich was zu zus\u00e4tzlichen Beschwerden, oft zu Infektionen, f\u00fchrt. Sehr fr\u00fchzeitig treten Beschwerden beim Verkehr ein. Bei Eintreten der Schrumpfung ist auch aus anatomischen Gr\u00fcnden in vielen F\u00e4llen Verkehr nicht mehr m\u00f6glich. Diese Ver\u00e4nderungen gelten als Pr\u00e4kanzerosen, da in etwa 5 % ein Karzinom entstehen kann.<\/p>\n<p>Therapeutisch kommen infrage lokale Therapien mit Corticosteroiden (Cortison), \u00d6strogenen, Retinoiden (Vitamin A Derivate) und systemisch Retinoide und Immunmodulatoren (Pimecrolimus, Tacrolimus). Extrem selten muss eventuell auch einmal eine operative Entfernung dieser Bereiche durchgef\u00fchrt wurden, eine verst\u00fcmmelnde Operation.<\/p>\n<p>Alle therapeutischen Ma\u00dfnahmen sind extrem unbefriedigend und k\u00f6nnen die Beschwerden des voranschreiten der Erkrankung nicht wirklich beherrschen.<\/p>\n<p>Deshalb ist die CO<sub>2<\/sub> Lasertherapie, die mit einer lokalen An\u00e4sthesie, ambulant und schmerzfrei durchf\u00fchrbar ist und zu einer Regeneration des betroffenen Bereiches, verbunden mit einer Verbesserung vieler qu\u00e4lender Symptome und der Wiederherstellung der Funktion ein gro\u00dfer Fortschritt.<\/p>\n<p><img decoding=\"async\" loading=\"lazy\" class=\"size-full wp-image-1435 aligncenter\" src=\"http:\/\/www.21cug.de\/kaz\/wp-content\/uploads\/sites\/4\/2017\/12\/gyn_laser2.jpg\" alt=\"\" width=\"584\" height=\"114\" srcset=\"http:\/\/www.21cug.de\/kaz\/wp-content\/uploads\/sites\/4\/2017\/12\/gyn_laser2.jpg 584w, http:\/\/www.21cug.de\/kaz\/wp-content\/uploads\/sites\/4\/2017\/12\/gyn_laser2-300x59.jpg 300w\" sizes=\"(max-width: 584px) 100vw, 584px\" \/><\/p>\n<p>Mit einem kleinen Aufsatz auf die Haut wird gezielt in einem umschriebenen Bezirk mit exakt definierter Eindringtiefe und Intensit\u00e4t das gesch\u00e4digte Gewebe denaturiert. Das darunterliegende gesunde Gewebe wird zur Regeneration und dem Wiederaufbau der Haut angeregt. Nach 2-4 Wochen hat sich die Haut weitgehend regeneriert. Die meisten Patienten sind beschwerdefrei, Verkehr ist wieder m\u00f6glich.<\/p>\n<p>Diese innovative Therapieform ist ein gro\u00dfer Fortschritt zur Verbesserung der Lebensqualit\u00e4t vieler Frauen.<\/p>\n<p>&nbsp;<\/p>\n<p>&nbsp;<\/p>\n","protected":false},"excerpt":{"rendered":"<p>Prof. Dr. Gerhard Grospietsch (ambulant, schmerzfrei, ohne Narkose) Neue Wege zur Befreiung im Intimbereich der Frau Ich habe in meiner<\/p>\n","protected":false},"author":3,"featured_media":0,"parent":151,"menu_order":40,"comment_status":"closed","ping_status":"closed","template":"","meta":[],"_links":{"self":[{"href":"http:\/\/www.21cug.de\/kaz\/wp-json\/wp\/v2\/pages\/1431"}],"collection":[{"href":"http:\/\/www.21cug.de\/kaz\/wp-json\/wp\/v2\/pages"}],"about":[{"href":"http:\/\/www.21cug.de\/kaz\/wp-json\/wp\/v2\/types\/page"}],"author":[{"embeddable":true,"href":"http:\/\/www.21cug.de\/kaz\/wp-json\/wp\/v2\/users\/3"}],"replies":[{"embeddable":true,"href":"http:\/\/www.21cug.de\/kaz\/wp-json\/wp\/v2\/comments?post=1431"}],"version-history":[{"count":0,"href":"http:\/\/www.21cug.de\/kaz\/wp-json\/wp\/v2\/pages\/1431\/revisions"}],"up":[{"embeddable":true,"href":"http:\/\/www.21cug.de\/kaz\/wp-json\/wp\/v2\/pages\/151"}],"wp:attachment":[{"href":"http:\/\/www.21cug.de\/kaz\/wp-json\/wp\/v2\/media?parent=1431"}],"curies":[{"name":"wp","href":"https:\/\/api.w.org\/{rel}","templated":true}]}}