{"id":1238,"date":"2017-03-09T13:01:47","date_gmt":"2017-03-09T12:01:47","guid":{"rendered":"https:\/\/www.klinik-am-zuckerberg.de\/?page_id=1238"},"modified":"2017-03-09T13:01:47","modified_gmt":"2017-03-09T12:01:47","slug":"restaurant","status":"publish","type":"page","link":"http:\/\/www.21cug.de\/kaz\/restaurant\/","title":{"rendered":"Restaurant"},"content":{"rendered":"<p><strong>\u00d6ffnungszeiten des Restaurants:<\/strong><\/p>\n<p>Montag &#8211; Sonntag<br \/>\n8:00 \u2013 11:30 Fr\u00fchst\u00fcck<br \/>\n11:30 Uhr &#8211; 14:30 Uhr Mittagstisch<br \/>\n14:30 Uhr &#8211; 18:00 Uhr Kaffeetisch<\/p>\n<p><strong>Wir machen bei der Qualit\u00e4t keine Kompromisse<\/strong><\/p>\n<p>Der Tradition eines G\u00e4stehaus der Stadt Braunschweig\u00a0und einer bevorzugten Hotel- und Restaurantadresse folgend, bieten wir Ihnen in der schon\u00a01913 erbauten neobarocken Villa mit\u00a0\u00fcppigen Parkanlagen den Rahmen f\u00fcr ein kulinarisches Erlebnis.<\/p>\n<p>Jede Mahlzeit \u2026<br \/>\n\u2026 ist ein besonderes Ereignis und soll gelingen.<\/p>\n<p><strong>Veranstaltungen und Familienfeiern<\/strong><\/p>\n<p>F\u00fcr jede Veranstaltung entwickeln wir ein ma\u00dfgeschneidertes Konzept. Ob Sie 5 oder 500 G\u00e4ste erwarten, ob es ein Firmenjubil\u00e4um, eine Tagung oder eine Familienfeier ist, das Wort Full-Service bedeutet, dass Sie mehr Zeit f\u00fcr Ihre G\u00e4ste haben. Wir m\u00f6chten, dass Sie und Ihre G\u00e4ste rundum zufrieden sind \u2026<\/p>\n<p>Weitere Informationen und kulinarische Anregungen erhalten Sie auf unserer\u00a0 <a href=\"http:\/\/www.zuckerbergcatering.de\/\">Restaurant-Web-Site.<\/a><\/p>\n","protected":false},"excerpt":{"rendered":"<p>\u00d6ffnungszeiten des Restaurants: Montag &#8211; Sonntag 8:00 \u2013 11:30 Fr\u00fchst\u00fcck 11:30 Uhr &#8211; 14:30 Uhr Mittagstisch 14:30 Uhr &#8211; 18:00<\/p>\n","protected":false},"author":3,"featured_media":1350,"parent":0,"menu_order":40,"comment_status":"closed","ping_status":"closed","template":"","meta":[],"_links":{"self":[{"href":"http:\/\/www.21cug.de\/kaz\/wp-json\/wp\/v2\/pages\/1238"}],"collection":[{"href":"http:\/\/www.21cug.de\/kaz\/wp-json\/wp\/v2\/pages"}],"about":[{"href":"http:\/\/www.21cug.de\/kaz\/wp-json\/wp\/v2\/types\/page"}],"author":[{"embeddable":true,"href":"http:\/\/www.21cug.de\/kaz\/wp-json\/wp\/v2\/users\/3"}],"replies":[{"embeddable":true,"href":"http:\/\/www.21cug.de\/kaz\/wp-json\/wp\/v2\/comments?post=1238"}],"version-history":[{"count":0,"href":"http:\/\/www.21cug.de\/kaz\/wp-json\/wp\/v2\/pages\/1238\/revisions"}],"wp:featuredmedia":[{"embeddable":true,"href":"http:\/\/www.21cug.de\/kaz\/wp-json\/wp\/v2\/media\/1350"}],"wp:attachment":[{"href":"http:\/\/www.21cug.de\/kaz\/wp-json\/wp\/v2\/media?parent=1238"}],"curies":[{"name":"wp","href":"https:\/\/api.w.org\/{rel}","templated":true}]}}