{"id":1210,"date":"2017-02-27T11:00:44","date_gmt":"2017-02-27T10:00:44","guid":{"rendered":"https:\/\/www.klinik-am-zuckerberg.de\/?page_id=1210"},"modified":"2017-02-27T11:00:44","modified_gmt":"2017-02-27T10:00:44","slug":"gesundheits-check-up","status":"publish","type":"page","link":"http:\/\/www.21cug.de\/kaz\/fachgebiete\/gesundheits-check-up\/","title":{"rendered":"Gesundheits-Check-Up"},"content":{"rendered":"<h3>Gesundheits-Check-Up \u2013 Sichern Sie Ihre Lebensqualit\u00e4t und Leistungsf\u00e4higkeit<\/h3>\n<p><strong>Warum Sie einen Gesundheits-Check-Up durchf\u00fchren lassen sollten!<\/strong><\/p>\n<p>Mit unserem Gesundheits-Check-Up wenden wir uns an alle Personen, die der Erhaltung ihrer Gesundheit besondere Aufmerksamkeit widmen. Besonders gefordert sind hier Verantwortungstr\u00e4ger aus allen gesellschaftlichen Bereichen.<\/p>\n<p>Ihre Gesundheit und Leistungsf\u00e4higkeit sind eine wichtige Voraussetzung f\u00fcr Dynamik und Stabilit\u00e4t in allen Handlungsbereichen. Hohe Anforderungen und t\u00e4glicher Termin- und Erfolgsdruck f\u00fchren ohne geeignete Pr\u00e4vention zu fortschreitenden gesundheitlichen St\u00f6rungen.<\/p>\n<p><strong>Wir m\u00f6chten, dass Sie gesund bleiben!<\/strong><\/p>\n<ul>\n<li>Unser Check-Up geht deutlich \u00fcber den Umfang der gesetzlich vorgesehenen Vorsorgeprogramme hinaus. Er wurde nach dem aktuellen medizinischen Wissensstand entwickelt.<\/li>\n<li>Der betreuende Arzt widmet Ihnen viel Zeit f\u00fcr ausf\u00fchrliche und intensive Gespr\u00e4che. Er begleitet und ber\u00e4t Sie w\u00e4hrend der gesamten Untersuchungszeit.<\/li>\n<li>Ihnen liegen alle wichtigen Untersuchungsergebnisse bereits zum Abschlussgespr\u00e4ch vor.<\/li>\n<li>Sie gewinnen einen umfassenden \u00dcberblick \u00fcber Ihren aktuellen Gesundheitsstand.<\/li>\n<li>Ihr Arzt entwickelt zusammen mit Ihnen Ihr ganz pers\u00f6nliches Gesundheitskonzept.<\/li>\n<li>Ein ausf\u00fchrlicher allgemeinverst\u00e4ndlicher Arztbrief fasst noch einmal alle wichtigen Untersuchungsergebnisse zusammen.<\/li>\n<\/ul>\n<p><strong>Vorgespr\u00e4ch, Basisuntersuchung, Abschlussberatung:<\/strong><\/p>\n<ul>\n<li>Auswertung des von Ihnen ausgef\u00fcllten \u00e4rztlichen Fragebogens und ausf\u00fchrliches Eingangsgespr\u00e4ch mit Ihrem Arzt<\/li>\n<li>Umfassende internistische Untersuchung<\/li>\n<li>Ausf\u00fchrliches Abschlussgespr\u00e4ch<\/li>\n<li>Schriftlicher Abschlussbericht<\/li>\n<li>Ziel: Erstellen eines Leitfadens f\u00fcr die weitere Diagnostik und ggf. Einleitung der Therapie<\/li>\n<\/ul>\n<p><strong>Herz, Blutgef\u00e4\u00dfe, Kreislauf, Lunge:<\/strong><\/p>\n<ul>\n<li>Farbdoppler-Echokardiograph<\/li>\n<li>EKG in Ruhe<\/li>\n<li>Belastungs-EKG<\/li>\n<li>Lungenfunktionspr\u00fcfung<\/li>\n<li>Durchblutungspr\u00fcfung der hirnversorgenden Arterien (farbcodierte Duplex-Sonographie)<\/li>\n<li>Durchblutungspr\u00fcfung der peripheren Venen und Arterien<\/li>\n<li>Ziel: Einsch\u00e4tzung des Funktionszustandes Ihres Herz-Kreislaufsystems und der Blutgef\u00e4\u00dfe, Lichtreflexsonographie, Photoplethsonographie, Nennung des Sauerstoffpotentialdruckes<\/li>\n<\/ul>\n<p><strong>Bauchorgane und Schilddr\u00fcse:<\/strong><\/p>\n<ul>\n<li>Ultraschalldiagnostik der Bauchorgane<\/li>\n<li>Ultraschalldiagnostik der Schilddr\u00fcse<\/li>\n<li>Ziel: Darstellung eines regelrechten Befundes der Bauchorgane und Schilddr\u00fcse<\/li>\n<li>Leistung f\u00fcr Frauen: Gyn\u00e4kologische Untersuchung, Hormonstatus, Osteodensitometrie, Ern\u00e4hrungsberatung<\/li>\n<\/ul>\n<p><strong>Labor:<\/strong><\/p>\n<ul>\n<li>Blutuntersuchungen: Blutk\u00f6rperchensenkung, gro\u00dfes Blutbild einschlie\u00dflich der Differenzierung der Leukozyten, Cholesterin, HDL- und LDL- Cholesterin, Triglyceride, GOT, GPT, Gamma-GT, alkalische Phospathase, Cholinesterase, Amylase, saure Phospathase, Eisen, Natrium, Calcium, Kalium, Harns\u00e4ure, Kreatinin, Harnstoff, Serum-Eiwei\u00df-Elektrophorese, Rheumafaktoren, HbA1c<\/li>\n<li>Harnuntersuchungen: Leukozyten, Nitrit, pH-Wert, Eiwei\u00df, Glucose, Ketonk\u00f6rper, Urobilinogen, Bilirubin und H\u00e4moglobin<\/li>\n<li>Stuhluntersuchungen: Heemofec-Test (Aufdecken versteckten Blutes im Stuhl)<\/li>\n<li>Ziel: \u00dcberblick \u00fcber Ihre aktuelle Gesundheitssituation und die Konstellation Ihrer Risikofaktoren<\/li>\n<\/ul>\n<h3>Erweiterter Leistungsumfang der diagnostischen und therapeutischen M\u00f6glichkeiten:<\/h3>\n<ul>\n<li>Erfassen der spezifischen Belastungen im Einzelgespr\u00e4ch mit einem entsprechend erfahrenen Arzt f\u00fcr psychosomatische Medizin<\/li>\n<li>Belastungsanalyse<\/li>\n<li>Naturheilverfahren<\/li>\n<li>Hom\u00f6opathie<\/li>\n<li>Ern\u00e4hrungsberatung, Heilfasten, Darmsanierung<\/li>\n<li>Akupunktur-Diagnostik und -Therapie<\/li>\n<li>Muskelaufbautraining<\/li>\n<li>Hormonstatus<\/li>\n<\/ul>\n<p>Zum Abschluss von Systemerkrankungen bieten wir Ihnen bei Bedarf dar\u00fcber hinaus den erweiterten Gesundheits-Check \u00fcber zwei Tage an.<\/p>\n<p><strong>Einzelheiten zum Ablauf:<\/strong><br \/>\nDas Untersuchungs- und Beratungsprogramm dauert einen Tag. Das Programm beginnt um 08:15 Uhr und endet gegen 17:00 Uhr. Bei weiter entferntem Wohnsitz wird die Anreise am Vortag empfohlen. F\u00fcr eine entsprechende Unterkunft wird gesorgt. Nach den ersten Untersuchungen wird ein leckeres Fr\u00fchst\u00fcck gereicht. W\u00e4hrend der Mittagspause nehmen Sie eine von Ihnen ausgew\u00e4hlte Mahlzeit im klinikeigenen Restaurant \u201eVier Jahreszeiten\u201c ein. Sie erhalten mit der Terminbest\u00e4tigung weitere wichtige Informationen zu Ihrem Gesundheits-Check-Tag.<\/p>\n<p>Regelm\u00e4\u00dfige Check-Up-Untersuchungen sind wichtige Voraussetzungen zur Gesundheitsvorsorge. Wir empfehlen zur Erhaltung und F\u00f6rderung Ihrer Leistungsf\u00e4higkeit aus medizinischerer Sicht ca. zweij\u00e4hrige Untersuchungsintervalle.<\/p>\n<p><strong>Anmeldung: Informieren Sie uns bitte \u00fcber unsere freundlichen Mitarbeiterinnen und Mitarbeiter, falls Sie Untersuchungen und Beratungen aus dem erweiterten Leistungsumfang wahrnehmen m\u00f6chten. F\u00fcr detaillierte Informationen steht Ihnen unser leitender Arzt gern zur Verf\u00fcgung.<\/strong><\/p>\n<p><em>Anmeldung unter: Tel. 0531 26 33\u20130 oder per E-Mail: info@klinikamzuckerberg.de<\/em><\/p>\n","protected":false},"excerpt":{"rendered":"<p>Gesundheits-Check-Up \u2013 Sichern Sie Ihre Lebensqualit\u00e4t und Leistungsf\u00e4higkeit Warum Sie einen Gesundheits-Check-Up durchf\u00fchren lassen sollten! Mit unserem Gesundheits-Check-Up wenden wir<\/p>\n","protected":false},"author":3,"featured_media":0,"parent":7,"menu_order":28,"comment_status":"closed","ping_status":"closed","template":"","meta":[],"_links":{"self":[{"href":"http:\/\/www.21cug.de\/kaz\/wp-json\/wp\/v2\/pages\/1210"}],"collection":[{"href":"http:\/\/www.21cug.de\/kaz\/wp-json\/wp\/v2\/pages"}],"about":[{"href":"http:\/\/www.21cug.de\/kaz\/wp-json\/wp\/v2\/types\/page"}],"author":[{"embeddable":true,"href":"http:\/\/www.21cug.de\/kaz\/wp-json\/wp\/v2\/users\/3"}],"replies":[{"embeddable":true,"href":"http:\/\/www.21cug.de\/kaz\/wp-json\/wp\/v2\/comments?post=1210"}],"version-history":[{"count":0,"href":"http:\/\/www.21cug.de\/kaz\/wp-json\/wp\/v2\/pages\/1210\/revisions"}],"up":[{"embeddable":true,"href":"http:\/\/www.21cug.de\/kaz\/wp-json\/wp\/v2\/pages\/7"}],"wp:attachment":[{"href":"http:\/\/www.21cug.de\/kaz\/wp-json\/wp\/v2\/media?parent=1210"}],"curies":[{"name":"wp","href":"https:\/\/api.w.org\/{rel}","templated":true}]}}