{"id":1199,"date":"2017-02-27T10:33:58","date_gmt":"2017-02-27T09:33:58","guid":{"rendered":"https:\/\/www.klinik-am-zuckerberg.de\/?page_id=1199"},"modified":"2017-02-27T10:33:58","modified_gmt":"2017-02-27T09:33:58","slug":"fettabsaugung-liposuktion","status":"publish","type":"page","link":"http:\/\/www.21cug.de\/kaz\/fachgebiete\/plastisch-aesthetische-chirurgie\/fettabsaugung-liposuktion\/","title":{"rendered":"Fettabsaugung (Liposuktion)"},"content":{"rendered":"<h3>Fettabsaugung (Liposuktion)<\/h3>\n<p><strong>Feine Schnitte, d\u00fcnne Kan\u00fclen<\/strong><\/p>\n<p>Durch feine Kan\u00fclen mit einem Durchmesser von 2-4 mm, die \u00fcber wenige kleine Schnitte an versteckten Stellen der Hautoberfl\u00e4che eingef\u00fchrt werden, erfolgt die Fettabsaugung \u00fcber einen Sog, der von einer Absaugpumpe ausgeht. Mittels sanften Bewegens der entsprechenden Kan\u00fclen k\u00f6nnen Verletzungen bei der Absaugung \u00fcbersch\u00fcssiger Fettzellen im Bindegewebe vermieden werden.<\/p>\n<p>Durch dieses Verfahren der Fettabsaugung kann die K\u00f6rperkontur, die Silhouette, nachhaltig und dauerhaft modelliert werden. Ein erfolgreicher und komplikationsfreier Operationsverlauf allein reicht f\u00fcr eine gelungene Fettabsaugung nicht aus.<\/p>\n<p>In der Klinik am Zuckerberg werden Sie ausschlie\u00dflich von Fach\u00e4rzten behandelt, die umfassende Kenntnisse in dem Bereich der Fettabsaugung besitzen und diesen Eingriff tagt\u00e4glich durchf\u00fchren. Der Operation gehen Beratungs- und Aufkl\u00e4rungsgespr\u00e4che voraus, in denen Ihnen in einer diskreten und verst\u00e4ndnisvollen Atmosph\u00e4re L\u00f6sungen und Wege f\u00fcr Ihre Probleme und W\u00fcnsche vorgeschlagen werden.<\/p>\n<p>Die sch\u00f6ne und ruhige Lage unserer Klinik sowie unser warmherziges und freundliches Pflegeteam begleiten Sie w\u00e4hrend der postoperativen Erholungsphase.<\/p>\n<h3>Ihre Fragen zum Thema \u201eFettabsaugung&#8220; (Liposuction)<\/h3>\n<p><strong>Ist eine Fettabsaugung schmerzhaft?<\/strong><br \/>\nIn den abgesaugten Regionen zeigen sich muskelkaterartige Empfindungen f\u00fcr einige Tage. Etwas Ruhe und Entspannung im privaten und beruflichen Bereich ist direkt nach der Operation zu empfehlen.<\/p>\n<p><strong>Wie lange h\u00e4lt das Ergebnis einer Fettabsaugung?<\/strong><br \/>\nWenn Sie, wie auch schon vor einer Liposuction w\u00fcnschenswert, sich gesund ern\u00e4hren, ein wenig k\u00f6rperlich bet\u00e4tigen und nach der Operation keine deutliche Gewichtszunahme eintritt, k\u00f6nnen Sie von einer dauerhaften Modellierung Ihrer K\u00f6rperproportionen ausgehen. Dies ist ein wesentlicher Grund f\u00fcr die h\u00e4ufige Inanspruchnahme einer Liposuction.<\/p>\n<p><strong>Was muss ich nach einer Fettabsaugung beachten?<\/strong><br \/>\nWir empfehlen Ihnen das Tragen eines Kompressionsmieders f\u00fcr 6 Wochen. Weiterhin sollten Sie in den ersten postoperativen Tagen wenig sitzen, sondern eher liegen bzw. stehen oder gehen. Nikotingenuss ist zu vermeiden oder zumindest drastisch zu reduzieren. Sportliche Aktivit\u00e4ten, die eine gleichm\u00e4\u00dfige, fl\u00fcssige Bewegung erfordern, wie Fahrradfahren, Walking oder Ger\u00e4tetraining, sind nach k\u00fcrzerer Zeit wieder aufzunehmen; ersch\u00fctternde Bewegungen beim Tennis, Joggen oder Squash f\u00fcr ca 4 &#8211; 6 Wochen zu vermeiden.<\/p>\n<p><strong>Wieviel Kilo K\u00f6rpergewicht verliere ich bei der Liposuction?<\/strong><br \/>\nDie Fettabsaugung ist keine Methode zur Beseitigung von \u00dcbergewicht. Sie sollten sich gesund ern\u00e4hren, k\u00f6rperlich bet\u00e4tigen und anlagebedingte Fettp\u00f6lsterchen aufweisen, die sich durch genannte Verhaltensma\u00dfnahmen nicht nachhaltig beeinflussen lassen. Die Fettabsaugung ist keine kostspielige Methode zur Gewichtsreduktion, sondern ein Verfahren zur Modellierung Ihrer K\u00f6rpersilhouette. Der Gewichtsverlust auf der Waage ist somit kein Zielkriterium einer Fettabsaugung.<\/p>\n<p><strong>Muss ich direkt nach der Fettabsaugung nach Hause gehen?<\/strong><br \/>\nBei kleinen Eingriffen ist dies sicherlich prinzipiell m\u00f6glich. Wir bestehen jedoch zumindest auf eine station\u00e4re \u00dcbernachtung, um so auf eventuell auftretende Schmerzen oder Kreislaufprobleme reagieren zu k\u00f6nnen. Die station\u00e4re \u00dcbernachtung ist ein Sicherheitsaspekt, der zum komplikationsfreien Operationsverlauf beitr\u00e4gt.<\/p>\n<p><strong>Wie oft f\u00fchren Sie Fettabsaugungen durch?<\/strong><br \/>\nLiposuktionen werden tagt\u00e4glich in unserer Klinik durchgef\u00fchrt, wobei in der dunklen kalten Jahreszeit deutlich mehr Operationen erfolgen als im Fr\u00fchjahr\/Sommer. Viele Patienten m\u00f6chten das Kompressionsmieder lieber f\u00fcr 6 Wochen in der k\u00fchleren Jahreszeit tragen.<\/p>\n<p><strong>Ich m\u00f6chte mir gerne Fett absaugen lassen, habe aber gro\u00dfe Angst vor Komplikationen.<\/strong><br \/>\nDieser Angst kann man nur durch seri\u00f6se und sorgf\u00e4ltige Operationsplanung sowie Vor- und Nachbetreuung der Patienten begegnen. Zwei Wochen vor der geplanten Operation erfolgt zwingend eine Voruntersuchung sowie die Abnahme von Blut zur Bestimmung wichtiger Blutwerte. Gem\u00e4\u00df Ihrer pers\u00f6nlichen Angaben darf weiterhin keine Vor- oder Begleiterkrankung gegen die geplante Operation sprechen. Die Durchf\u00fchrung der Operation in eigens daf\u00fcr konzipierten Operationss\u00e4len einschlie\u00dflich der postoperativen \u00dcberwachung f\u00fcr eine Nacht und engmaschiger Nachkontrollen sorgen f\u00fcr optimale Rahmenbedingungen.<\/p>\n<p><em>Sollten Sie weitere Fragen haben, stehen wir Ihnen gern zur Beantwortung Ihrer Fragen \u00fcber unsere Kontaktaufnahme zur Verf\u00fcgung. Die pers\u00f6nliche individuelle Erstberatung und Voruntersuchung ist f\u00fcr Sie unverbindlich und kostenfrei.<\/p>\n<p>F\u00fcr die Vereinbarung eines Voruntersuchungstermins wenden Sie sich an uns.<\/em><\/p>\n","protected":false},"excerpt":{"rendered":"<p>Fettabsaugung (Liposuktion) Feine Schnitte, d\u00fcnne Kan\u00fclen Durch feine Kan\u00fclen mit einem Durchmesser von 2-4 mm, die \u00fcber wenige kleine Schnitte<\/p>\n","protected":false},"author":3,"featured_media":0,"parent":155,"menu_order":10,"comment_status":"closed","ping_status":"closed","template":"","meta":[],"_links":{"self":[{"href":"http:\/\/www.21cug.de\/kaz\/wp-json\/wp\/v2\/pages\/1199"}],"collection":[{"href":"http:\/\/www.21cug.de\/kaz\/wp-json\/wp\/v2\/pages"}],"about":[{"href":"http:\/\/www.21cug.de\/kaz\/wp-json\/wp\/v2\/types\/page"}],"author":[{"embeddable":true,"href":"http:\/\/www.21cug.de\/kaz\/wp-json\/wp\/v2\/users\/3"}],"replies":[{"embeddable":true,"href":"http:\/\/www.21cug.de\/kaz\/wp-json\/wp\/v2\/comments?post=1199"}],"version-history":[{"count":0,"href":"http:\/\/www.21cug.de\/kaz\/wp-json\/wp\/v2\/pages\/1199\/revisions"}],"up":[{"embeddable":true,"href":"http:\/\/www.21cug.de\/kaz\/wp-json\/wp\/v2\/pages\/155"}],"wp:attachment":[{"href":"http:\/\/www.21cug.de\/kaz\/wp-json\/wp\/v2\/media?parent=1199"}],"curies":[{"name":"wp","href":"https:\/\/api.w.org\/{rel}","templated":true}]}}